{"id":787,"date":"2023-05-29T21:01:38","date_gmt":"2023-05-29T21:01:38","guid":{"rendered":"https:\/\/www.aikidojauche.be\/?page_id=787"},"modified":"2025-11-11T21:14:23","modified_gmt":"2025-11-11T20:14:23","slug":"a-propos-du-club","status":"publish","type":"page","link":"https:\/\/aikido-boitsfort.be\/?page_id=787","title":{"rendered":"A\u00efkido"},"content":{"rendered":"\t\t<div data-elementor-type=\"wp-page\" data-elementor-id=\"787\" class=\"elementor elementor-787\">\n\t\t\t\t<div class=\"elementor-element elementor-element-b271843 e-flex e-con-boxed e-con e-parent\" data-id=\"b271843\" data-element_type=\"container\">\n\t\t\t\t\t<div class=\"e-con-inner\">\n\t\t\t\t<div class=\"elementor-element elementor-element-2ddc125 elementor-widget elementor-widget-image\" data-id=\"2ddc125\" data-element_type=\"widget\" data-widget_type=\"image.default\">\n\t\t\t\t<div class=\"elementor-widget-container\">\n\t\t\t<style>\/*! elementor - v3.23.0 - 05-08-2024 *\/\n.elementor-widget-image{text-align:center}.elementor-widget-image a{display:inline-block}.elementor-widget-image a img[src$=\".svg\"]{width:48px}.elementor-widget-image img{vertical-align:middle;display:inline-block}<\/style>\t\t\t\t\t\t\t\t\t\t<img fetchpriority=\"high\" decoding=\"async\" width=\"768\" height=\"548\" src=\"https:\/\/aikido-boitsfort.be\/wp-content\/uploads\/2024\/09\/aikido-768x548.jpg\" class=\"attachment-medium_large size-medium_large wp-image-2690\" alt=\"\" srcset=\"https:\/\/aikido-boitsfort.be\/wp-content\/uploads\/2024\/09\/aikido-768x548.jpg 768w, https:\/\/aikido-boitsfort.be\/wp-content\/uploads\/2024\/09\/aikido-300x214.jpg 300w, https:\/\/aikido-boitsfort.be\/wp-content\/uploads\/2024\/09\/aikido-1024x731.jpg 1024w, https:\/\/aikido-boitsfort.be\/wp-content\/uploads\/2024\/09\/aikido-1536x1096.jpg 1536w, https:\/\/aikido-boitsfort.be\/wp-content\/uploads\/2024\/09\/aikido-2048x1461.jpg 2048w\" sizes=\"(max-width: 768px) 100vw, 768px\" \/>\t\t\t\t\t\t\t\t\t\t\t\t\t<\/div>\n\t\t\t\t<\/div>\n\t\t\t\t\t<\/div>\n\t\t\t\t<\/div>\n\t\t<div class=\"elementor-element elementor-element-a71cc98 e-flex e-con-boxed e-con e-parent\" data-id=\"a71cc98\" data-element_type=\"container\">\n\t\t\t\t\t<div class=\"e-con-inner\">\n\t\t\t\t<div class=\"elementor-element elementor-element-6c25871 elementor-widget elementor-widget-text-editor\" data-id=\"6c25871\" data-element_type=\"widget\" data-widget_type=\"text-editor.default\">\n\t\t\t\t<div class=\"elementor-widget-container\">\n\t\t\t<style>\/*! elementor - v3.23.0 - 05-08-2024 *\/\n.elementor-widget-text-editor.elementor-drop-cap-view-stacked .elementor-drop-cap{background-color:#69727d;color:#fff}.elementor-widget-text-editor.elementor-drop-cap-view-framed .elementor-drop-cap{color:#69727d;border:3px solid;background-color:transparent}.elementor-widget-text-editor:not(.elementor-drop-cap-view-default) .elementor-drop-cap{margin-top:8px}.elementor-widget-text-editor:not(.elementor-drop-cap-view-default) .elementor-drop-cap-letter{width:1em;height:1em}.elementor-widget-text-editor .elementor-drop-cap{float:left;text-align:center;line-height:1;font-size:50px}.elementor-widget-text-editor .elementor-drop-cap-letter{display:inline-block}<\/style>\t\t\t\t<h2>L\u2019a\u00efkido : un art martial d\u2019harmonie et de ma\u00eetrise<\/h2><p>L\u2019a\u00efkido est un art martial japonais fond\u00e9 au d\u00e9but du XX\u1d49 si\u00e8cle par <strong>Morihei Ueshiba (1883\u20131969)<\/strong>. Discipline compl\u00e8te, il vise le d\u00e9veloppement \u00e9quilibr\u00e9 du corps et de l\u2019esprit \u00e0 travers des principes de <strong>non-violence, de respect et d\u2019harmonie<\/strong>.<\/p><p>Plut\u00f4t que la confrontation, l\u2019a\u00efkido privil\u00e9gie la <strong>ma\u00eetrise du mouvement et la gestion de l\u2019\u00e9nergie<\/strong>, permettant de canaliser l\u2019agression sans recourir \u00e0 la force. Cette approche rend la pratique accessible \u00e0 toutes et \u00e0 tous, quel que soit l\u2019\u00e2ge ou la condition physique, tout en favorisant <strong>coordination, souplesse, stabilit\u00e9 et concentration<\/strong>.<\/p><p>La discipline se pratique \u00e0 mains nues ainsi qu\u2019avec des armes traditionnelles japonaises \u2014 le <strong>bokken<\/strong> (sabre en bois), le <strong>j\u014d<\/strong> (b\u00e2ton) et le <strong>tant\u014d<\/strong> (couteau). Ces outils enrichissent la compr\u00e9hension des principes fondamentaux du mouvement et du rapport \u00e0 l\u2019autre.<\/p><p>Au sein du <strong>Shin Gi Tai Watermael-Boitsfort<\/strong>, l\u2019a\u00efkido se transmet dans un esprit de <strong>bienveillance, de rigueur et de progression personnelle<\/strong>. Fid\u00e8le \u00e0 l\u2019enseignement du fondateur, notre club met l\u2019accent sur le <strong>respect mutuel, la coh\u00e9sion et le d\u00e9passement de soi<\/strong>, valeurs essentielles \u00e0 la pratique et \u00e0 la vie quotidienne.<\/p>\t\t\t\t\t\t<\/div>\n\t\t\t\t<\/div>\n\t\t\t\t\t<\/div>\n\t\t\t\t<\/div>\n\t\t\t\t<\/div>\n\t\t","protected":false},"excerpt":{"rendered":"<p>L\u2019a\u00efkido : un art martial d\u2019harmonie et de ma\u00eetrise L\u2019a\u00efkido est un art martial japonais fond\u00e9 au d\u00e9but du XX\u1d49 si\u00e8cle par Morihei Ueshiba (1883\u20131969). Discipline compl\u00e8te, il vise le d\u00e9veloppement \u00e9quilibr\u00e9 du corps et de l\u2019esprit \u00e0 travers des principes de non-violence, de respect et d\u2019harmonie. Plut\u00f4t que la confrontation, l\u2019a\u00efkido privil\u00e9gie la ma\u00eetrise [&hellip;]<\/p>\n","protected":false},"author":1,"featured_media":0,"parent":0,"menu_order":0,"comment_status":"closed","ping_status":"closed","template":"","meta":{"footnotes":""},"class_list":["post-787","page","type-page","status-publish","hentry"],"yoast_head":"<!-- This site is optimized with the Yoast SEO plugin v25.7 - https:\/\/yoast.com\/wordpress\/plugins\/seo\/ -->\n<title>A\u00efkido - A\u00efkido Shin Gi Tai Watermael-Boitsfort<\/title>\n<meta name=\"robots\" content=\"index, follow, max-snippet:-1, max-image-preview:large, max-video-preview:-1\" \/>\n<link rel=\"canonical\" href=\"https:\/\/aikido-boitsfort.be\/?page_id=787\" \/>\n<meta property=\"og:locale\" content=\"fr_FR\" \/>\n<meta property=\"og:type\" content=\"article\" \/>\n<meta property=\"og:title\" content=\"A\u00efkido - A\u00efkido Shin Gi Tai Watermael-Boitsfort\" \/>\n<meta property=\"og:description\" content=\"L\u2019a\u00efkido : un art martial d\u2019harmonie et de ma\u00eetrise L\u2019a\u00efkido est un art martial japonais fond\u00e9 au d\u00e9but du XX\u1d49 si\u00e8cle par Morihei Ueshiba (1883\u20131969). Discipline compl\u00e8te, il vise le d\u00e9veloppement \u00e9quilibr\u00e9 du corps et de l\u2019esprit \u00e0 travers des principes de non-violence, de respect et d\u2019harmonie. Plut\u00f4t que la confrontation, l\u2019a\u00efkido privil\u00e9gie la ma\u00eetrise [&hellip;]\" \/>\n<meta property=\"og:url\" content=\"https:\/\/aikido-boitsfort.be\/?page_id=787\" \/>\n<meta property=\"og:site_name\" content=\"A\u00efkido Shin Gi Tai Watermael-Boitsfort\" \/>\n<meta property=\"article:modified_time\" content=\"2025-11-11T20:14:23+00:00\" \/>\n<meta property=\"og:image\" content=\"https:\/\/aikido-boitsfort.be\/wp-content\/uploads\/2024\/09\/aikido.jpg\" \/>\n\t<meta property=\"og:image:width\" content=\"2102\" \/>\n\t<meta property=\"og:image:height\" content=\"1500\" \/>\n\t<meta property=\"og:image:type\" content=\"image\/jpeg\" \/>\n<meta name=\"twitter:card\" content=\"summary_large_image\" \/>\n<meta name=\"twitter:label1\" content=\"Dur\u00e9e de lecture estim\u00e9e\" \/>\n\t<meta name=\"twitter:data1\" content=\"2 minutes\" \/>\n<script type=\"application\/ld+json\" class=\"yoast-schema-graph\">{\"@context\":\"https:\/\/schema.org\",\"@graph\":[{\"@type\":\"WebPage\",\"@id\":\"https:\/\/aikido-boitsfort.be\/?page_id=787\",\"url\":\"https:\/\/aikido-boitsfort.be\/?page_id=787\",\"name\":\"A\u00efkido - A\u00efkido Shin Gi Tai Watermael-Boitsfort\",\"isPartOf\":{\"@id\":\"https:\/\/aikido-boitsfort.be\/#website\"},\"primaryImageOfPage\":{\"@id\":\"https:\/\/aikido-boitsfort.be\/?page_id=787#primaryimage\"},\"image\":{\"@id\":\"https:\/\/aikido-boitsfort.be\/?page_id=787#primaryimage\"},\"thumbnailUrl\":\"https:\/\/aikido-boitsfort.be\/wp-content\/uploads\/2024\/09\/aikido-768x548.jpg\",\"datePublished\":\"2023-05-29T21:01:38+00:00\",\"dateModified\":\"2025-11-11T20:14:23+00:00\",\"breadcrumb\":{\"@id\":\"https:\/\/aikido-boitsfort.be\/?page_id=787#breadcrumb\"},\"inLanguage\":\"fr-FR\",\"potentialAction\":[{\"@type\":\"ReadAction\",\"target\":[\"https:\/\/aikido-boitsfort.be\/?page_id=787\"]}]},{\"@type\":\"ImageObject\",\"inLanguage\":\"fr-FR\",\"@id\":\"https:\/\/aikido-boitsfort.be\/?page_id=787#primaryimage\",\"url\":\"https:\/\/aikido-boitsfort.be\/wp-content\/uploads\/2024\/09\/aikido.jpg\",\"contentUrl\":\"https:\/\/aikido-boitsfort.be\/wp-content\/uploads\/2024\/09\/aikido.jpg\",\"width\":2102,\"height\":1500},{\"@type\":\"BreadcrumbList\",\"@id\":\"https:\/\/aikido-boitsfort.be\/?page_id=787#breadcrumb\",\"itemListElement\":[{\"@type\":\"ListItem\",\"position\":1,\"name\":\"Accueil\",\"item\":\"https:\/\/aikido-boitsfort.be\/\"},{\"@type\":\"ListItem\",\"position\":2,\"name\":\"A\u00efkido\"}]},{\"@type\":\"WebSite\",\"@id\":\"https:\/\/aikido-boitsfort.be\/#website\",\"url\":\"https:\/\/aikido-boitsfort.be\/\",\"name\":\"A\u00efkido Shin Gi Tai Watermael-Boitsfort\",\"description\":\"A\u00efkido Shin Gi Tai Watermael-Boitsfort\",\"publisher\":{\"@id\":\"https:\/\/aikido-boitsfort.be\/#organization\"},\"potentialAction\":[{\"@type\":\"SearchAction\",\"target\":{\"@type\":\"EntryPoint\",\"urlTemplate\":\"https:\/\/aikido-boitsfort.be\/?s={search_term_string}\"},\"query-input\":{\"@type\":\"PropertyValueSpecification\",\"valueRequired\":true,\"valueName\":\"search_term_string\"}}],\"inLanguage\":\"fr-FR\"},{\"@type\":\"Organization\",\"@id\":\"https:\/\/aikido-boitsfort.be\/#organization\",\"name\":\"A\u00efkido Shin Gi Tai Watermael-Boitsfort\",\"url\":\"https:\/\/aikido-boitsfort.be\/\",\"logo\":{\"@type\":\"ImageObject\",\"inLanguage\":\"fr-FR\",\"@id\":\"https:\/\/aikido-boitsfort.be\/#\/schema\/logo\/image\/\",\"url\":\"https:\/\/aikido-boitsfort.be\/wp-content\/uploads\/2023\/12\/LOGO-site.png\",\"contentUrl\":\"https:\/\/aikido-boitsfort.be\/wp-content\/uploads\/2023\/12\/LOGO-site.png\",\"width\":726,\"height\":723,\"caption\":\"A\u00efkido Shin Gi Tai Watermael-Boitsfort\"},\"image\":{\"@id\":\"https:\/\/aikido-boitsfort.be\/#\/schema\/logo\/image\/\"}}]}<\/script>\n<!-- \/ Yoast SEO plugin. -->","yoast_head_json":{"title":"A\u00efkido - A\u00efkido Shin Gi Tai Watermael-Boitsfort","robots":{"index":"index","follow":"follow","max-snippet":"max-snippet:-1","max-image-preview":"max-image-preview:large","max-video-preview":"max-video-preview:-1"},"canonical":"https:\/\/aikido-boitsfort.be\/?page_id=787","og_locale":"fr_FR","og_type":"article","og_title":"A\u00efkido - A\u00efkido Shin Gi Tai Watermael-Boitsfort","og_description":"L\u2019a\u00efkido : un art martial d\u2019harmonie et de ma\u00eetrise L\u2019a\u00efkido est un art martial japonais fond\u00e9 au d\u00e9but du XX\u1d49 si\u00e8cle par Morihei Ueshiba (1883\u20131969). Discipline compl\u00e8te, il vise le d\u00e9veloppement \u00e9quilibr\u00e9 du corps et de l\u2019esprit \u00e0 travers des principes de non-violence, de respect et d\u2019harmonie. Plut\u00f4t que la confrontation, l\u2019a\u00efkido privil\u00e9gie la ma\u00eetrise [&hellip;]","og_url":"https:\/\/aikido-boitsfort.be\/?page_id=787","og_site_name":"A\u00efkido Shin Gi Tai Watermael-Boitsfort","article_modified_time":"2025-11-11T20:14:23+00:00","og_image":[{"width":2102,"height":1500,"url":"https:\/\/aikido-boitsfort.be\/wp-content\/uploads\/2024\/09\/aikido.jpg","type":"image\/jpeg"}],"twitter_card":"summary_large_image","twitter_misc":{"Dur\u00e9e de lecture estim\u00e9e":"2 minutes"},"schema":{"@context":"https:\/\/schema.org","@graph":[{"@type":"WebPage","@id":"https:\/\/aikido-boitsfort.be\/?page_id=787","url":"https:\/\/aikido-boitsfort.be\/?page_id=787","name":"A\u00efkido - A\u00efkido Shin Gi Tai Watermael-Boitsfort","isPartOf":{"@id":"https:\/\/aikido-boitsfort.be\/#website"},"primaryImageOfPage":{"@id":"https:\/\/aikido-boitsfort.be\/?page_id=787#primaryimage"},"image":{"@id":"https:\/\/aikido-boitsfort.be\/?page_id=787#primaryimage"},"thumbnailUrl":"https:\/\/aikido-boitsfort.be\/wp-content\/uploads\/2024\/09\/aikido-768x548.jpg","datePublished":"2023-05-29T21:01:38+00:00","dateModified":"2025-11-11T20:14:23+00:00","breadcrumb":{"@id":"https:\/\/aikido-boitsfort.be\/?page_id=787#breadcrumb"},"inLanguage":"fr-FR","potentialAction":[{"@type":"ReadAction","target":["https:\/\/aikido-boitsfort.be\/?page_id=787"]}]},{"@type":"ImageObject","inLanguage":"fr-FR","@id":"https:\/\/aikido-boitsfort.be\/?page_id=787#primaryimage","url":"https:\/\/aikido-boitsfort.be\/wp-content\/uploads\/2024\/09\/aikido.jpg","contentUrl":"https:\/\/aikido-boitsfort.be\/wp-content\/uploads\/2024\/09\/aikido.jpg","width":2102,"height":1500},{"@type":"BreadcrumbList","@id":"https:\/\/aikido-boitsfort.be\/?page_id=787#breadcrumb","itemListElement":[{"@type":"ListItem","position":1,"name":"Accueil","item":"https:\/\/aikido-boitsfort.be\/"},{"@type":"ListItem","position":2,"name":"A\u00efkido"}]},{"@type":"WebSite","@id":"https:\/\/aikido-boitsfort.be\/#website","url":"https:\/\/aikido-boitsfort.be\/","name":"A\u00efkido Shin Gi Tai Watermael-Boitsfort","description":"A\u00efkido Shin Gi Tai Watermael-Boitsfort","publisher":{"@id":"https:\/\/aikido-boitsfort.be\/#organization"},"potentialAction":[{"@type":"SearchAction","target":{"@type":"EntryPoint","urlTemplate":"https:\/\/aikido-boitsfort.be\/?s={search_term_string}"},"query-input":{"@type":"PropertyValueSpecification","valueRequired":true,"valueName":"search_term_string"}}],"inLanguage":"fr-FR"},{"@type":"Organization","@id":"https:\/\/aikido-boitsfort.be\/#organization","name":"A\u00efkido Shin Gi Tai Watermael-Boitsfort","url":"https:\/\/aikido-boitsfort.be\/","logo":{"@type":"ImageObject","inLanguage":"fr-FR","@id":"https:\/\/aikido-boitsfort.be\/#\/schema\/logo\/image\/","url":"https:\/\/aikido-boitsfort.be\/wp-content\/uploads\/2023\/12\/LOGO-site.png","contentUrl":"https:\/\/aikido-boitsfort.be\/wp-content\/uploads\/2023\/12\/LOGO-site.png","width":726,"height":723,"caption":"A\u00efkido Shin Gi Tai Watermael-Boitsfort"},"image":{"@id":"https:\/\/aikido-boitsfort.be\/#\/schema\/logo\/image\/"}}]}},"_links":{"self":[{"href":"https:\/\/aikido-boitsfort.be\/index.php?rest_route=\/wp\/v2\/pages\/787","targetHints":{"allow":["GET"]}}],"collection":[{"href":"https:\/\/aikido-boitsfort.be\/index.php?rest_route=\/wp\/v2\/pages"}],"about":[{"href":"https:\/\/aikido-boitsfort.be\/index.php?rest_route=\/wp\/v2\/types\/page"}],"author":[{"embeddable":true,"href":"https:\/\/aikido-boitsfort.be\/index.php?rest_route=\/wp\/v2\/users\/1"}],"replies":[{"embeddable":true,"href":"https:\/\/aikido-boitsfort.be\/index.php?rest_route=%2Fwp%2Fv2%2Fcomments&post=787"}],"version-history":[{"count":62,"href":"https:\/\/aikido-boitsfort.be\/index.php?rest_route=\/wp\/v2\/pages\/787\/revisions"}],"predecessor-version":[{"id":3179,"href":"https:\/\/aikido-boitsfort.be\/index.php?rest_route=\/wp\/v2\/pages\/787\/revisions\/3179"}],"wp:attachment":[{"href":"https:\/\/aikido-boitsfort.be\/index.php?rest_route=%2Fwp%2Fv2%2Fmedia&parent=787"}],"curies":[{"name":"wp","href":"https:\/\/api.w.org\/{rel}","templated":true}]}}