{"id":3127,"date":"2025-11-11T20:01:33","date_gmt":"2025-11-11T19:01:33","guid":{"rendered":"https:\/\/aikido-boitsfort.be\/?page_id=3127"},"modified":"2025-11-11T20:52:29","modified_gmt":"2025-11-11T19:52:29","slug":"aiki-ken-et-aiki-jo","status":"publish","type":"page","link":"https:\/\/aikido-boitsfort.be\/?page_id=3127","title":{"rendered":"A\u00efki-ken et A\u00efki-Jo"},"content":{"rendered":"\t\t<div data-elementor-type=\"wp-page\" data-elementor-id=\"3127\" class=\"elementor elementor-3127\">\n\t\t\t\t<div class=\"elementor-element elementor-element-cb640fa e-flex e-con-boxed e-con e-parent\" data-id=\"cb640fa\" data-element_type=\"container\">\n\t\t\t\t\t<div class=\"e-con-inner\">\n\t\t\t\t<div class=\"elementor-element elementor-element-17c6fe7 elementor-widget elementor-widget-text-editor\" data-id=\"17c6fe7\" data-element_type=\"widget\" data-widget_type=\"text-editor.default\">\n\t\t\t\t<div class=\"elementor-widget-container\">\n\t\t\t<style>\/*! elementor - v3.23.0 - 05-08-2024 *\/\n.elementor-widget-text-editor.elementor-drop-cap-view-stacked .elementor-drop-cap{background-color:#69727d;color:#fff}.elementor-widget-text-editor.elementor-drop-cap-view-framed .elementor-drop-cap{color:#69727d;border:3px solid;background-color:transparent}.elementor-widget-text-editor:not(.elementor-drop-cap-view-default) .elementor-drop-cap{margin-top:8px}.elementor-widget-text-editor:not(.elementor-drop-cap-view-default) .elementor-drop-cap-letter{width:1em;height:1em}.elementor-widget-text-editor .elementor-drop-cap{float:left;text-align:center;line-height:1;font-size:50px}.elementor-widget-text-editor .elementor-drop-cap-letter{display:inline-block}<\/style>\t\t\t\t<h3><strong>L\u2019\u00e9tude des armes dans le courant Iwama de l\u2019A\u00efkido<\/strong><\/h3><p>Dans le courant <strong>Iwama<\/strong> de l\u2019A\u00efkido \u2014 transmis par <strong>Morihiro Sait\u014d Sensei<\/strong>, \u00e9l\u00e8ve direct du fondateur <strong>Morihei Ueshiba<\/strong> \u2014 l\u2019\u00e9tude des armes occupe une place centrale.<\/p><p>Elle compl\u00e8te et \u00e9claire la pratique \u00e0 mains nues : chaque mouvement du sabre (bokken) ou du b\u00e2ton (j\u014d) r\u00e9v\u00e8le les principes de distance, de centrage et de fluidit\u00e9 qui sont au c\u0153ur de l\u2019a\u00efkido.<\/p><p>L\u2019enseignement des armes se divise en deux volets :<\/p><ul><li><strong>Aiki-ken (travail du sabre en bois)<\/strong> : par des exercices de base (suburi) et des formes \u00e0 deux (kumitachi), le pratiquant apprend \u00e0 se centrer, \u00e0 contr\u00f4ler la distance (ma-ai) et \u00e0 agir avec pr\u00e9cision et d\u00e9termination.<\/li><\/ul><p>\u00a0<\/p><ul><li><strong>Aiki-j\u014d (travail du b\u00e2ton)<\/strong> : \u00e0 travers des mouvements codifi\u00e9s, des encha\u00eenements solos (kata) et des pratiques \u00e0 deux (kumij\u014d), on d\u00e9veloppe la coordination, le rythme et la continuit\u00e9 du mouvement.<\/li><\/ul><p><br \/>Dans la tradition Iwama, <strong>armes et taijutsu (travail \u00e0 mains nues)<\/strong> sont indissociables : les principes du sabre et du b\u00e2ton se retrouvent dans toutes les techniques d\u2019a\u00efkido.<\/p><p>L\u2019\u00e9tude des armes permet ainsi de mieux comprendre l\u2019origine martiale de la discipline et d\u2019en approfondir la dimension harmonieuse.<\/p><p>\u00ab Sans les armes, on ne peut pas comprendre l\u2019a\u00efkido d\u2019O Sensei. \u00bb<br \/>\u2014 Morihiro Sait\u014d Sensei<\/p>\t\t\t\t\t\t<\/div>\n\t\t\t\t<\/div>\n\t\t\t\t\t<\/div>\n\t\t\t\t<\/div>\n\t\t\t\t<\/div>\n\t\t","protected":false},"excerpt":{"rendered":"<p>L\u2019\u00e9tude des armes dans le courant Iwama de l\u2019A\u00efkido Dans le courant Iwama de l\u2019A\u00efkido \u2014 transmis par Morihiro Sait\u014d Sensei, \u00e9l\u00e8ve direct du fondateur Morihei Ueshiba \u2014 l\u2019\u00e9tude des armes occupe une place centrale. Elle compl\u00e8te et \u00e9claire la pratique \u00e0 mains nues : chaque mouvement du sabre (bokken) ou du b\u00e2ton (j\u014d) r\u00e9v\u00e8le [&hellip;]<\/p>\n","protected":false},"author":1,"featured_media":0,"parent":0,"menu_order":0,"comment_status":"closed","ping_status":"closed","template":"","meta":{"footnotes":""},"class_list":["post-3127","page","type-page","status-publish","hentry"],"yoast_head":"<!-- This site is optimized with the Yoast SEO plugin v25.7 - https:\/\/yoast.com\/wordpress\/plugins\/seo\/ -->\n<title>A\u00efki-ken et A\u00efki-Jo - A\u00efkido Shin Gi Tai Watermael-Boitsfort<\/title>\n<meta name=\"robots\" content=\"index, follow, max-snippet:-1, max-image-preview:large, max-video-preview:-1\" \/>\n<link rel=\"canonical\" href=\"https:\/\/aikido-boitsfort.be\/?page_id=3127\" \/>\n<meta property=\"og:locale\" content=\"fr_FR\" \/>\n<meta property=\"og:type\" content=\"article\" \/>\n<meta property=\"og:title\" content=\"A\u00efki-ken et A\u00efki-Jo - A\u00efkido Shin Gi Tai Watermael-Boitsfort\" \/>\n<meta property=\"og:description\" content=\"L\u2019\u00e9tude des armes dans le courant Iwama de l\u2019A\u00efkido Dans le courant Iwama de l\u2019A\u00efkido \u2014 transmis par Morihiro Sait\u014d Sensei, \u00e9l\u00e8ve direct du fondateur Morihei Ueshiba \u2014 l\u2019\u00e9tude des armes occupe une place centrale. Elle compl\u00e8te et \u00e9claire la pratique \u00e0 mains nues : chaque mouvement du sabre (bokken) ou du b\u00e2ton (j\u014d) r\u00e9v\u00e8le [&hellip;]\" \/>\n<meta property=\"og:url\" content=\"https:\/\/aikido-boitsfort.be\/?page_id=3127\" \/>\n<meta property=\"og:site_name\" content=\"A\u00efkido Shin Gi Tai Watermael-Boitsfort\" \/>\n<meta property=\"article:modified_time\" content=\"2025-11-11T19:52:29+00:00\" \/>\n<meta name=\"twitter:card\" content=\"summary_large_image\" \/>\n<meta name=\"twitter:label1\" content=\"Dur\u00e9e de lecture estim\u00e9e\" \/>\n\t<meta name=\"twitter:data1\" content=\"2 minutes\" \/>\n<script type=\"application\/ld+json\" class=\"yoast-schema-graph\">{\"@context\":\"https:\/\/schema.org\",\"@graph\":[{\"@type\":\"WebPage\",\"@id\":\"https:\/\/aikido-boitsfort.be\/?page_id=3127\",\"url\":\"https:\/\/aikido-boitsfort.be\/?page_id=3127\",\"name\":\"A\u00efki-ken et A\u00efki-Jo - A\u00efkido Shin Gi Tai Watermael-Boitsfort\",\"isPartOf\":{\"@id\":\"https:\/\/aikido-boitsfort.be\/#website\"},\"datePublished\":\"2025-11-11T19:01:33+00:00\",\"dateModified\":\"2025-11-11T19:52:29+00:00\",\"breadcrumb\":{\"@id\":\"https:\/\/aikido-boitsfort.be\/?page_id=3127#breadcrumb\"},\"inLanguage\":\"fr-FR\",\"potentialAction\":[{\"@type\":\"ReadAction\",\"target\":[\"https:\/\/aikido-boitsfort.be\/?page_id=3127\"]}]},{\"@type\":\"BreadcrumbList\",\"@id\":\"https:\/\/aikido-boitsfort.be\/?page_id=3127#breadcrumb\",\"itemListElement\":[{\"@type\":\"ListItem\",\"position\":1,\"name\":\"Accueil\",\"item\":\"https:\/\/aikido-boitsfort.be\/\"},{\"@type\":\"ListItem\",\"position\":2,\"name\":\"A\u00efki-ken et A\u00efki-Jo\"}]},{\"@type\":\"WebSite\",\"@id\":\"https:\/\/aikido-boitsfort.be\/#website\",\"url\":\"https:\/\/aikido-boitsfort.be\/\",\"name\":\"A\u00efkido Shin Gi Tai Watermael-Boitsfort\",\"description\":\"A\u00efkido Shin Gi Tai Watermael-Boitsfort\",\"publisher\":{\"@id\":\"https:\/\/aikido-boitsfort.be\/#organization\"},\"potentialAction\":[{\"@type\":\"SearchAction\",\"target\":{\"@type\":\"EntryPoint\",\"urlTemplate\":\"https:\/\/aikido-boitsfort.be\/?s={search_term_string}\"},\"query-input\":{\"@type\":\"PropertyValueSpecification\",\"valueRequired\":true,\"valueName\":\"search_term_string\"}}],\"inLanguage\":\"fr-FR\"},{\"@type\":\"Organization\",\"@id\":\"https:\/\/aikido-boitsfort.be\/#organization\",\"name\":\"A\u00efkido Shin Gi Tai Watermael-Boitsfort\",\"url\":\"https:\/\/aikido-boitsfort.be\/\",\"logo\":{\"@type\":\"ImageObject\",\"inLanguage\":\"fr-FR\",\"@id\":\"https:\/\/aikido-boitsfort.be\/#\/schema\/logo\/image\/\",\"url\":\"https:\/\/aikido-boitsfort.be\/wp-content\/uploads\/2023\/12\/LOGO-site.png\",\"contentUrl\":\"https:\/\/aikido-boitsfort.be\/wp-content\/uploads\/2023\/12\/LOGO-site.png\",\"width\":726,\"height\":723,\"caption\":\"A\u00efkido Shin Gi Tai Watermael-Boitsfort\"},\"image\":{\"@id\":\"https:\/\/aikido-boitsfort.be\/#\/schema\/logo\/image\/\"}}]}<\/script>\n<!-- \/ Yoast SEO plugin. -->","yoast_head_json":{"title":"A\u00efki-ken et A\u00efki-Jo - A\u00efkido Shin Gi Tai Watermael-Boitsfort","robots":{"index":"index","follow":"follow","max-snippet":"max-snippet:-1","max-image-preview":"max-image-preview:large","max-video-preview":"max-video-preview:-1"},"canonical":"https:\/\/aikido-boitsfort.be\/?page_id=3127","og_locale":"fr_FR","og_type":"article","og_title":"A\u00efki-ken et A\u00efki-Jo - A\u00efkido Shin Gi Tai Watermael-Boitsfort","og_description":"L\u2019\u00e9tude des armes dans le courant Iwama de l\u2019A\u00efkido Dans le courant Iwama de l\u2019A\u00efkido \u2014 transmis par Morihiro Sait\u014d Sensei, \u00e9l\u00e8ve direct du fondateur Morihei Ueshiba \u2014 l\u2019\u00e9tude des armes occupe une place centrale. Elle compl\u00e8te et \u00e9claire la pratique \u00e0 mains nues : chaque mouvement du sabre (bokken) ou du b\u00e2ton (j\u014d) r\u00e9v\u00e8le [&hellip;]","og_url":"https:\/\/aikido-boitsfort.be\/?page_id=3127","og_site_name":"A\u00efkido Shin Gi Tai Watermael-Boitsfort","article_modified_time":"2025-11-11T19:52:29+00:00","twitter_card":"summary_large_image","twitter_misc":{"Dur\u00e9e de lecture estim\u00e9e":"2 minutes"},"schema":{"@context":"https:\/\/schema.org","@graph":[{"@type":"WebPage","@id":"https:\/\/aikido-boitsfort.be\/?page_id=3127","url":"https:\/\/aikido-boitsfort.be\/?page_id=3127","name":"A\u00efki-ken et A\u00efki-Jo - A\u00efkido Shin Gi Tai Watermael-Boitsfort","isPartOf":{"@id":"https:\/\/aikido-boitsfort.be\/#website"},"datePublished":"2025-11-11T19:01:33+00:00","dateModified":"2025-11-11T19:52:29+00:00","breadcrumb":{"@id":"https:\/\/aikido-boitsfort.be\/?page_id=3127#breadcrumb"},"inLanguage":"fr-FR","potentialAction":[{"@type":"ReadAction","target":["https:\/\/aikido-boitsfort.be\/?page_id=3127"]}]},{"@type":"BreadcrumbList","@id":"https:\/\/aikido-boitsfort.be\/?page_id=3127#breadcrumb","itemListElement":[{"@type":"ListItem","position":1,"name":"Accueil","item":"https:\/\/aikido-boitsfort.be\/"},{"@type":"ListItem","position":2,"name":"A\u00efki-ken et A\u00efki-Jo"}]},{"@type":"WebSite","@id":"https:\/\/aikido-boitsfort.be\/#website","url":"https:\/\/aikido-boitsfort.be\/","name":"A\u00efkido Shin Gi Tai Watermael-Boitsfort","description":"A\u00efkido Shin Gi Tai Watermael-Boitsfort","publisher":{"@id":"https:\/\/aikido-boitsfort.be\/#organization"},"potentialAction":[{"@type":"SearchAction","target":{"@type":"EntryPoint","urlTemplate":"https:\/\/aikido-boitsfort.be\/?s={search_term_string}"},"query-input":{"@type":"PropertyValueSpecification","valueRequired":true,"valueName":"search_term_string"}}],"inLanguage":"fr-FR"},{"@type":"Organization","@id":"https:\/\/aikido-boitsfort.be\/#organization","name":"A\u00efkido Shin Gi Tai Watermael-Boitsfort","url":"https:\/\/aikido-boitsfort.be\/","logo":{"@type":"ImageObject","inLanguage":"fr-FR","@id":"https:\/\/aikido-boitsfort.be\/#\/schema\/logo\/image\/","url":"https:\/\/aikido-boitsfort.be\/wp-content\/uploads\/2023\/12\/LOGO-site.png","contentUrl":"https:\/\/aikido-boitsfort.be\/wp-content\/uploads\/2023\/12\/LOGO-site.png","width":726,"height":723,"caption":"A\u00efkido Shin Gi Tai Watermael-Boitsfort"},"image":{"@id":"https:\/\/aikido-boitsfort.be\/#\/schema\/logo\/image\/"}}]}},"_links":{"self":[{"href":"https:\/\/aikido-boitsfort.be\/index.php?rest_route=\/wp\/v2\/pages\/3127","targetHints":{"allow":["GET"]}}],"collection":[{"href":"https:\/\/aikido-boitsfort.be\/index.php?rest_route=\/wp\/v2\/pages"}],"about":[{"href":"https:\/\/aikido-boitsfort.be\/index.php?rest_route=\/wp\/v2\/types\/page"}],"author":[{"embeddable":true,"href":"https:\/\/aikido-boitsfort.be\/index.php?rest_route=\/wp\/v2\/users\/1"}],"replies":[{"embeddable":true,"href":"https:\/\/aikido-boitsfort.be\/index.php?rest_route=%2Fwp%2Fv2%2Fcomments&post=3127"}],"version-history":[{"count":13,"href":"https:\/\/aikido-boitsfort.be\/index.php?rest_route=\/wp\/v2\/pages\/3127\/revisions"}],"predecessor-version":[{"id":3172,"href":"https:\/\/aikido-boitsfort.be\/index.php?rest_route=\/wp\/v2\/pages\/3127\/revisions\/3172"}],"wp:attachment":[{"href":"https:\/\/aikido-boitsfort.be\/index.php?rest_route=%2Fwp%2Fv2%2Fmedia&parent=3127"}],"curies":[{"name":"wp","href":"https:\/\/api.w.org\/{rel}","templated":true}]}}