{"id":3117,"date":"2025-11-11T19:43:45","date_gmt":"2025-11-11T18:43:45","guid":{"rendered":"https:\/\/aikido-boitsfort.be\/?page_id=3117"},"modified":"2025-11-12T11:06:22","modified_gmt":"2025-11-12T10:06:22","slug":"aiki-self-defense","status":"publish","type":"page","link":"https:\/\/aikido-boitsfort.be\/?page_id=3117","title":{"rendered":"A\u00efki Self Defense"},"content":{"rendered":"\t\t<div data-elementor-type=\"wp-page\" data-elementor-id=\"3117\" class=\"elementor elementor-3117\">\n\t\t\t\t<div class=\"elementor-element elementor-element-9019992 e-grid e-con-boxed e-con e-parent\" data-id=\"9019992\" data-element_type=\"container\">\n\t\t\t\t\t<div class=\"e-con-inner\">\n\t\t\t\t<div class=\"elementor-element elementor-element-fa6a251 elementor-widget elementor-widget-text-editor\" data-id=\"fa6a251\" data-element_type=\"widget\" data-widget_type=\"text-editor.default\">\n\t\t\t\t<div class=\"elementor-widget-container\">\n\t\t\t<style>\/*! elementor - v3.23.0 - 05-08-2024 *\/\n.elementor-widget-text-editor.elementor-drop-cap-view-stacked .elementor-drop-cap{background-color:#69727d;color:#fff}.elementor-widget-text-editor.elementor-drop-cap-view-framed .elementor-drop-cap{color:#69727d;border:3px solid;background-color:transparent}.elementor-widget-text-editor:not(.elementor-drop-cap-view-default) .elementor-drop-cap{margin-top:8px}.elementor-widget-text-editor:not(.elementor-drop-cap-view-default) .elementor-drop-cap-letter{width:1em;height:1em}.elementor-widget-text-editor .elementor-drop-cap{float:left;text-align:center;line-height:1;font-size:50px}.elementor-widget-text-editor .elementor-drop-cap-letter{display:inline-block}<\/style>\t\t\t\t<p><strong>Real Street Aikido Self Defense :<\/strong><\/p><p>Un cours par mois (au cours adultes) est d\u00e9di\u00e9 \u00e0 une dimension suppl\u00e9mentaire de type \u00ab\u00a0Real Street Aikido Self Defense\u00a0\u00bb : sont abord\u00e9es des mises en situations improvis\u00e9es et toutes formes d\u2019agressions couramment rencontr\u00e9es dans la rue.\u00a0<\/p><p>Les techniques de pieds-poings, coups de genoux et coups de coudes sont \u00e9galement \u00e9tudi\u00e9es.<\/p>\t\t\t\t\t\t<\/div>\n\t\t\t\t<\/div>\n\t\t\t\t<div class=\"elementor-element elementor-element-13ab385 elementor-widget elementor-widget-image\" data-id=\"13ab385\" data-element_type=\"widget\" data-widget_type=\"image.default\">\n\t\t\t\t<div class=\"elementor-widget-container\">\n\t\t\t<style>\/*! elementor - v3.23.0 - 05-08-2024 *\/\n.elementor-widget-image{text-align:center}.elementor-widget-image a{display:inline-block}.elementor-widget-image a img[src$=\".svg\"]{width:48px}.elementor-widget-image img{vertical-align:middle;display:inline-block}<\/style>\t\t\t\t\t\t\t\t\t\t<img fetchpriority=\"high\" decoding=\"async\" width=\"800\" height=\"600\" src=\"https:\/\/aikido-boitsfort.be\/wp-content\/uploads\/2024\/09\/Self-Defense.jpg\" class=\"attachment-large size-large wp-image-2693\" alt=\"\" srcset=\"https:\/\/aikido-boitsfort.be\/wp-content\/uploads\/2024\/09\/Self-Defense.jpg 850w, https:\/\/aikido-boitsfort.be\/wp-content\/uploads\/2024\/09\/Self-Defense-300x225.jpg 300w, https:\/\/aikido-boitsfort.be\/wp-content\/uploads\/2024\/09\/Self-Defense-768x576.jpg 768w\" sizes=\"(max-width: 800px) 100vw, 800px\" \/>\t\t\t\t\t\t\t\t\t\t\t\t\t<\/div>\n\t\t\t\t<\/div>\n\t\t\t\t\t<\/div>\n\t\t\t\t<\/div>\n\t\t<div class=\"elementor-element elementor-element-2e8c545 e-grid e-con-boxed e-con e-parent\" data-id=\"2e8c545\" data-element_type=\"container\">\n\t\t\t\t\t<div class=\"e-con-inner\">\n\t\t\t\t<div class=\"elementor-element elementor-element-deb3708 elementor-widget elementor-widget-image\" data-id=\"deb3708\" data-element_type=\"widget\" data-widget_type=\"image.default\">\n\t\t\t\t<div class=\"elementor-widget-container\">\n\t\t\t\t\t\t\t\t\t\t\t\t\t<img decoding=\"async\" width=\"800\" height=\"533\" src=\"https:\/\/aikido-boitsfort.be\/wp-content\/uploads\/2024\/09\/Krav-Maga.jpg\" class=\"attachment-large size-large wp-image-2695\" alt=\"\" srcset=\"https:\/\/aikido-boitsfort.be\/wp-content\/uploads\/2024\/09\/Krav-Maga.jpg 900w, https:\/\/aikido-boitsfort.be\/wp-content\/uploads\/2024\/09\/Krav-Maga-300x200.jpg 300w, https:\/\/aikido-boitsfort.be\/wp-content\/uploads\/2024\/09\/Krav-Maga-768x512.jpg 768w\" sizes=\"(max-width: 800px) 100vw, 800px\" \/>\t\t\t\t\t\t\t\t\t\t\t\t\t<\/div>\n\t\t\t\t<\/div>\n\t\t\t\t<div class=\"elementor-element elementor-element-0d36b05 elementor-widget elementor-widget-text-editor\" data-id=\"0d36b05\" data-element_type=\"widget\" data-widget_type=\"text-editor.default\">\n\t\t\t\t<div class=\"elementor-widget-container\">\n\t\t\t\t\t\t\t<p><strong>Cours inspir\u00e9 du Krav Maga :<\/strong><\/p><p>Le Krav Maga est une m\u00e9thode d\u2019autod\u00e9fense d\u2019origine isra\u00e9lienne combinant des techniques provenant de la boxe, de l\u2019Aikido, du muay-tha\u00ef, du judo, du ju-jitsu et de la lutte.<\/p><p>Cette m\u00e9thode est maintenant une base de l\u2019arm\u00e9e isra\u00e9lienne et des services sp\u00e9ciaux isra\u00e9liens pour se d\u00e9fendre au corps \u00e0 corps face aux assaillants.\u00a0<\/p><p>La m\u00e9thode est utilis\u00e9e par de nombreux services de police et forces militaires dans le monde tels que aux Etats-Unis le FBI, la DEA, les marines, en France le GIGN, le RAID, la L\u00e9gion \u00e9trang\u00e8re et au Royaume-Uni les SAS.<\/p>\t\t\t\t\t\t<\/div>\n\t\t\t\t<\/div>\n\t\t\t\t\t<\/div>\n\t\t\t\t<\/div>\n\t\t\t\t<\/div>\n\t\t","protected":false},"excerpt":{"rendered":"<p>Real Street Aikido Self Defense : Un cours par mois (au cours adultes) est d\u00e9di\u00e9 \u00e0 une dimension suppl\u00e9mentaire de type \u00ab\u00a0Real Street Aikido Self Defense\u00a0\u00bb : sont abord\u00e9es des mises en situations improvis\u00e9es et toutes formes d\u2019agressions couramment rencontr\u00e9es dans la rue.\u00a0 Les techniques de pieds-poings, coups de genoux et coups de coudes sont [&hellip;]<\/p>\n","protected":false},"author":1,"featured_media":0,"parent":0,"menu_order":0,"comment_status":"closed","ping_status":"closed","template":"","meta":{"footnotes":""},"class_list":["post-3117","page","type-page","status-publish","hentry"],"yoast_head":"<!-- This site is optimized with the Yoast SEO plugin v25.7 - https:\/\/yoast.com\/wordpress\/plugins\/seo\/ -->\n<title>A\u00efki Self Defense - A\u00efkido Shin Gi Tai Watermael-Boitsfort<\/title>\n<meta name=\"robots\" content=\"index, follow, max-snippet:-1, max-image-preview:large, max-video-preview:-1\" \/>\n<link rel=\"canonical\" href=\"https:\/\/aikido-boitsfort.be\/?page_id=3117\" \/>\n<meta property=\"og:locale\" content=\"fr_FR\" \/>\n<meta property=\"og:type\" content=\"article\" \/>\n<meta property=\"og:title\" content=\"A\u00efki Self Defense - A\u00efkido Shin Gi Tai Watermael-Boitsfort\" \/>\n<meta property=\"og:description\" content=\"Real Street Aikido Self Defense : Un cours par mois (au cours adultes) est d\u00e9di\u00e9 \u00e0 une dimension suppl\u00e9mentaire de type \u00ab\u00a0Real Street Aikido Self Defense\u00a0\u00bb : sont abord\u00e9es des mises en situations improvis\u00e9es et toutes formes d\u2019agressions couramment rencontr\u00e9es dans la rue.\u00a0 Les techniques de pieds-poings, coups de genoux et coups de coudes sont [&hellip;]\" \/>\n<meta property=\"og:url\" content=\"https:\/\/aikido-boitsfort.be\/?page_id=3117\" \/>\n<meta property=\"og:site_name\" content=\"A\u00efkido Shin Gi Tai Watermael-Boitsfort\" \/>\n<meta property=\"article:modified_time\" content=\"2025-11-12T10:06:22+00:00\" \/>\n<meta property=\"og:image\" content=\"https:\/\/aikido-boitsfort.be\/wp-content\/uploads\/2024\/09\/Self-Defense.jpg\" \/>\n\t<meta property=\"og:image:width\" content=\"850\" \/>\n\t<meta property=\"og:image:height\" content=\"638\" \/>\n\t<meta property=\"og:image:type\" content=\"image\/jpeg\" \/>\n<meta name=\"twitter:card\" content=\"summary_large_image\" \/>\n<meta name=\"twitter:label1\" content=\"Dur\u00e9e de lecture estim\u00e9e\" \/>\n\t<meta name=\"twitter:data1\" content=\"2 minutes\" \/>\n<script type=\"application\/ld+json\" class=\"yoast-schema-graph\">{\"@context\":\"https:\/\/schema.org\",\"@graph\":[{\"@type\":\"WebPage\",\"@id\":\"https:\/\/aikido-boitsfort.be\/?page_id=3117\",\"url\":\"https:\/\/aikido-boitsfort.be\/?page_id=3117\",\"name\":\"A\u00efki Self Defense - A\u00efkido Shin Gi Tai Watermael-Boitsfort\",\"isPartOf\":{\"@id\":\"https:\/\/aikido-boitsfort.be\/#website\"},\"primaryImageOfPage\":{\"@id\":\"https:\/\/aikido-boitsfort.be\/?page_id=3117#primaryimage\"},\"image\":{\"@id\":\"https:\/\/aikido-boitsfort.be\/?page_id=3117#primaryimage\"},\"thumbnailUrl\":\"https:\/\/aikido-boitsfort.be\/wp-content\/uploads\/2024\/09\/Self-Defense.jpg\",\"datePublished\":\"2025-11-11T18:43:45+00:00\",\"dateModified\":\"2025-11-12T10:06:22+00:00\",\"breadcrumb\":{\"@id\":\"https:\/\/aikido-boitsfort.be\/?page_id=3117#breadcrumb\"},\"inLanguage\":\"fr-FR\",\"potentialAction\":[{\"@type\":\"ReadAction\",\"target\":[\"https:\/\/aikido-boitsfort.be\/?page_id=3117\"]}]},{\"@type\":\"ImageObject\",\"inLanguage\":\"fr-FR\",\"@id\":\"https:\/\/aikido-boitsfort.be\/?page_id=3117#primaryimage\",\"url\":\"https:\/\/aikido-boitsfort.be\/wp-content\/uploads\/2024\/09\/Self-Defense.jpg\",\"contentUrl\":\"https:\/\/aikido-boitsfort.be\/wp-content\/uploads\/2024\/09\/Self-Defense.jpg\",\"width\":850,\"height\":638},{\"@type\":\"BreadcrumbList\",\"@id\":\"https:\/\/aikido-boitsfort.be\/?page_id=3117#breadcrumb\",\"itemListElement\":[{\"@type\":\"ListItem\",\"position\":1,\"name\":\"Accueil\",\"item\":\"https:\/\/aikido-boitsfort.be\/\"},{\"@type\":\"ListItem\",\"position\":2,\"name\":\"A\u00efki Self Defense\"}]},{\"@type\":\"WebSite\",\"@id\":\"https:\/\/aikido-boitsfort.be\/#website\",\"url\":\"https:\/\/aikido-boitsfort.be\/\",\"name\":\"A\u00efkido Shin Gi Tai Watermael-Boitsfort\",\"description\":\"A\u00efkido Shin Gi Tai Watermael-Boitsfort\",\"publisher\":{\"@id\":\"https:\/\/aikido-boitsfort.be\/#organization\"},\"potentialAction\":[{\"@type\":\"SearchAction\",\"target\":{\"@type\":\"EntryPoint\",\"urlTemplate\":\"https:\/\/aikido-boitsfort.be\/?s={search_term_string}\"},\"query-input\":{\"@type\":\"PropertyValueSpecification\",\"valueRequired\":true,\"valueName\":\"search_term_string\"}}],\"inLanguage\":\"fr-FR\"},{\"@type\":\"Organization\",\"@id\":\"https:\/\/aikido-boitsfort.be\/#organization\",\"name\":\"A\u00efkido Shin Gi Tai Watermael-Boitsfort\",\"url\":\"https:\/\/aikido-boitsfort.be\/\",\"logo\":{\"@type\":\"ImageObject\",\"inLanguage\":\"fr-FR\",\"@id\":\"https:\/\/aikido-boitsfort.be\/#\/schema\/logo\/image\/\",\"url\":\"https:\/\/aikido-boitsfort.be\/wp-content\/uploads\/2023\/12\/LOGO-site.png\",\"contentUrl\":\"https:\/\/aikido-boitsfort.be\/wp-content\/uploads\/2023\/12\/LOGO-site.png\",\"width\":726,\"height\":723,\"caption\":\"A\u00efkido Shin Gi Tai Watermael-Boitsfort\"},\"image\":{\"@id\":\"https:\/\/aikido-boitsfort.be\/#\/schema\/logo\/image\/\"}}]}<\/script>\n<!-- \/ Yoast SEO plugin. -->","yoast_head_json":{"title":"A\u00efki Self Defense - A\u00efkido Shin Gi Tai Watermael-Boitsfort","robots":{"index":"index","follow":"follow","max-snippet":"max-snippet:-1","max-image-preview":"max-image-preview:large","max-video-preview":"max-video-preview:-1"},"canonical":"https:\/\/aikido-boitsfort.be\/?page_id=3117","og_locale":"fr_FR","og_type":"article","og_title":"A\u00efki Self Defense - A\u00efkido Shin Gi Tai Watermael-Boitsfort","og_description":"Real Street Aikido Self Defense : Un cours par mois (au cours adultes) est d\u00e9di\u00e9 \u00e0 une dimension suppl\u00e9mentaire de type \u00ab\u00a0Real Street Aikido Self Defense\u00a0\u00bb : sont abord\u00e9es des mises en situations improvis\u00e9es et toutes formes d\u2019agressions couramment rencontr\u00e9es dans la rue.\u00a0 Les techniques de pieds-poings, coups de genoux et coups de coudes sont [&hellip;]","og_url":"https:\/\/aikido-boitsfort.be\/?page_id=3117","og_site_name":"A\u00efkido Shin Gi Tai Watermael-Boitsfort","article_modified_time":"2025-11-12T10:06:22+00:00","og_image":[{"width":850,"height":638,"url":"https:\/\/aikido-boitsfort.be\/wp-content\/uploads\/2024\/09\/Self-Defense.jpg","type":"image\/jpeg"}],"twitter_card":"summary_large_image","twitter_misc":{"Dur\u00e9e de lecture estim\u00e9e":"2 minutes"},"schema":{"@context":"https:\/\/schema.org","@graph":[{"@type":"WebPage","@id":"https:\/\/aikido-boitsfort.be\/?page_id=3117","url":"https:\/\/aikido-boitsfort.be\/?page_id=3117","name":"A\u00efki Self Defense - A\u00efkido Shin Gi Tai Watermael-Boitsfort","isPartOf":{"@id":"https:\/\/aikido-boitsfort.be\/#website"},"primaryImageOfPage":{"@id":"https:\/\/aikido-boitsfort.be\/?page_id=3117#primaryimage"},"image":{"@id":"https:\/\/aikido-boitsfort.be\/?page_id=3117#primaryimage"},"thumbnailUrl":"https:\/\/aikido-boitsfort.be\/wp-content\/uploads\/2024\/09\/Self-Defense.jpg","datePublished":"2025-11-11T18:43:45+00:00","dateModified":"2025-11-12T10:06:22+00:00","breadcrumb":{"@id":"https:\/\/aikido-boitsfort.be\/?page_id=3117#breadcrumb"},"inLanguage":"fr-FR","potentialAction":[{"@type":"ReadAction","target":["https:\/\/aikido-boitsfort.be\/?page_id=3117"]}]},{"@type":"ImageObject","inLanguage":"fr-FR","@id":"https:\/\/aikido-boitsfort.be\/?page_id=3117#primaryimage","url":"https:\/\/aikido-boitsfort.be\/wp-content\/uploads\/2024\/09\/Self-Defense.jpg","contentUrl":"https:\/\/aikido-boitsfort.be\/wp-content\/uploads\/2024\/09\/Self-Defense.jpg","width":850,"height":638},{"@type":"BreadcrumbList","@id":"https:\/\/aikido-boitsfort.be\/?page_id=3117#breadcrumb","itemListElement":[{"@type":"ListItem","position":1,"name":"Accueil","item":"https:\/\/aikido-boitsfort.be\/"},{"@type":"ListItem","position":2,"name":"A\u00efki Self Defense"}]},{"@type":"WebSite","@id":"https:\/\/aikido-boitsfort.be\/#website","url":"https:\/\/aikido-boitsfort.be\/","name":"A\u00efkido Shin Gi Tai Watermael-Boitsfort","description":"A\u00efkido Shin Gi Tai Watermael-Boitsfort","publisher":{"@id":"https:\/\/aikido-boitsfort.be\/#organization"},"potentialAction":[{"@type":"SearchAction","target":{"@type":"EntryPoint","urlTemplate":"https:\/\/aikido-boitsfort.be\/?s={search_term_string}"},"query-input":{"@type":"PropertyValueSpecification","valueRequired":true,"valueName":"search_term_string"}}],"inLanguage":"fr-FR"},{"@type":"Organization","@id":"https:\/\/aikido-boitsfort.be\/#organization","name":"A\u00efkido Shin Gi Tai Watermael-Boitsfort","url":"https:\/\/aikido-boitsfort.be\/","logo":{"@type":"ImageObject","inLanguage":"fr-FR","@id":"https:\/\/aikido-boitsfort.be\/#\/schema\/logo\/image\/","url":"https:\/\/aikido-boitsfort.be\/wp-content\/uploads\/2023\/12\/LOGO-site.png","contentUrl":"https:\/\/aikido-boitsfort.be\/wp-content\/uploads\/2023\/12\/LOGO-site.png","width":726,"height":723,"caption":"A\u00efkido Shin Gi Tai Watermael-Boitsfort"},"image":{"@id":"https:\/\/aikido-boitsfort.be\/#\/schema\/logo\/image\/"}}]}},"_links":{"self":[{"href":"https:\/\/aikido-boitsfort.be\/index.php?rest_route=\/wp\/v2\/pages\/3117","targetHints":{"allow":["GET"]}}],"collection":[{"href":"https:\/\/aikido-boitsfort.be\/index.php?rest_route=\/wp\/v2\/pages"}],"about":[{"href":"https:\/\/aikido-boitsfort.be\/index.php?rest_route=\/wp\/v2\/types\/page"}],"author":[{"embeddable":true,"href":"https:\/\/aikido-boitsfort.be\/index.php?rest_route=\/wp\/v2\/users\/1"}],"replies":[{"embeddable":true,"href":"https:\/\/aikido-boitsfort.be\/index.php?rest_route=%2Fwp%2Fv2%2Fcomments&post=3117"}],"version-history":[{"count":7,"href":"https:\/\/aikido-boitsfort.be\/index.php?rest_route=\/wp\/v2\/pages\/3117\/revisions"}],"predecessor-version":[{"id":3315,"href":"https:\/\/aikido-boitsfort.be\/index.php?rest_route=\/wp\/v2\/pages\/3117\/revisions\/3315"}],"wp:attachment":[{"href":"https:\/\/aikido-boitsfort.be\/index.php?rest_route=%2Fwp%2Fv2%2Fmedia&parent=3117"}],"curies":[{"name":"wp","href":"https:\/\/api.w.org\/{rel}","templated":true}]}}