{"id":3027,"date":"2025-11-10T00:01:31","date_gmt":"2025-11-09T23:01:31","guid":{"rendered":"https:\/\/aikido-boitsfort.be\/?page_id=3027"},"modified":"2025-11-11T20:20:20","modified_gmt":"2025-11-11T19:20:20","slug":"morihiro-saito-sensei","status":"publish","type":"page","link":"https:\/\/aikido-boitsfort.be\/?page_id=3027","title":{"rendered":"Morihiro Saito Sensei"},"content":{"rendered":"\t\t<div data-elementor-type=\"wp-page\" data-elementor-id=\"3027\" class=\"elementor elementor-3027\">\n\t\t\t\t<div class=\"elementor-element elementor-element-7b9acf1 e-flex e-con-boxed e-con e-parent\" data-id=\"7b9acf1\" data-element_type=\"container\">\n\t\t\t\t\t<div class=\"e-con-inner\">\n\t\t\t\t<div class=\"elementor-element elementor-element-97ddfc4 elementor-widget elementor-widget-image\" data-id=\"97ddfc4\" data-element_type=\"widget\" data-widget_type=\"image.default\">\n\t\t\t\t<div class=\"elementor-widget-container\">\n\t\t\t<style>\/*! elementor - v3.23.0 - 05-08-2024 *\/\n.elementor-widget-image{text-align:center}.elementor-widget-image a{display:inline-block}.elementor-widget-image a img[src$=\".svg\"]{width:48px}.elementor-widget-image img{vertical-align:middle;display:inline-block}<\/style>\t\t\t\t\t\t\t\t\t\t<img fetchpriority=\"high\" decoding=\"async\" width=\"200\" height=\"300\" src=\"https:\/\/aikido-boitsfort.be\/wp-content\/uploads\/2025\/11\/16BF0E27-37F0-49BF-86A1-F5D6D4BC2F4A-200x300.png\" class=\"attachment-medium size-medium wp-image-3062\" alt=\"\" srcset=\"https:\/\/aikido-boitsfort.be\/wp-content\/uploads\/2025\/11\/16BF0E27-37F0-49BF-86A1-F5D6D4BC2F4A-200x300.png 200w, https:\/\/aikido-boitsfort.be\/wp-content\/uploads\/2025\/11\/16BF0E27-37F0-49BF-86A1-F5D6D4BC2F4A-683x1024.png 683w, https:\/\/aikido-boitsfort.be\/wp-content\/uploads\/2025\/11\/16BF0E27-37F0-49BF-86A1-F5D6D4BC2F4A-768x1152.png 768w, https:\/\/aikido-boitsfort.be\/wp-content\/uploads\/2025\/11\/16BF0E27-37F0-49BF-86A1-F5D6D4BC2F4A.png 1024w\" sizes=\"(max-width: 200px) 100vw, 200px\" \/>\t\t\t\t\t\t\t\t\t\t\t\t\t<\/div>\n\t\t\t\t<\/div>\n\t\t\t\t\t<\/div>\n\t\t\t\t<\/div>\n\t\t<div class=\"elementor-element elementor-element-a944b4e e-flex e-con-boxed e-con e-parent\" data-id=\"a944b4e\" data-element_type=\"container\">\n\t\t\t\t\t<div class=\"e-con-inner\">\n\t\t\t\t<div class=\"elementor-element elementor-element-640d48e elementor-widget elementor-widget-text-editor\" data-id=\"640d48e\" data-element_type=\"widget\" data-widget_type=\"text-editor.default\">\n\t\t\t\t<div class=\"elementor-widget-container\">\n\t\t\t<style>\/*! elementor - v3.23.0 - 05-08-2024 *\/\n.elementor-widget-text-editor.elementor-drop-cap-view-stacked .elementor-drop-cap{background-color:#69727d;color:#fff}.elementor-widget-text-editor.elementor-drop-cap-view-framed .elementor-drop-cap{color:#69727d;border:3px solid;background-color:transparent}.elementor-widget-text-editor:not(.elementor-drop-cap-view-default) .elementor-drop-cap{margin-top:8px}.elementor-widget-text-editor:not(.elementor-drop-cap-view-default) .elementor-drop-cap-letter{width:1em;height:1em}.elementor-widget-text-editor .elementor-drop-cap{float:left;text-align:center;line-height:1;font-size:50px}.elementor-widget-text-editor .elementor-drop-cap-letter{display:inline-block}<\/style>\t\t\t\t<h2 data-start=\"246\" data-end=\"302\">Morihiro Sait\u014d \u2014 Le gardien de l\u2019enseignement d\u2019Iwama<\/h2><p data-start=\"304\" data-end=\"642\">N\u00e9 le <strong data-start=\"310\" data-end=\"326\">31 mars 1928<\/strong> dans la pr\u00e9fecture d\u2019Ibaraki, au Japon, <strong data-start=\"367\" data-end=\"385\">Morihiro Sait\u014d<\/strong> grandit dans un milieu rural simple, marqu\u00e9 par la rigueur du travail et le respect des traditions. Tr\u00e8s jeune, il s\u2019int\u00e9resse aux arts martiaux \u2014 kend\u014d, j\u016bd\u014d, karat\u00e9 \u2014 cherchant \u00e0 comprendre la voie qui relie la discipline du corps et la paix de l\u2019esprit.<\/p><p data-start=\"644\" data-end=\"1087\">En <strong data-start=\"647\" data-end=\"655\">1946<\/strong>, \u00e0 l\u2019\u00e2ge de dix-huit ans, il entend parler d\u2019un ma\u00eetre retir\u00e9 dans le village voisin d\u2019Iwama : <strong data-start=\"751\" data-end=\"770\">Morihei Ueshiba<\/strong>, le fondateur de l\u2019a\u00efkido. Pouss\u00e9 par la curiosit\u00e9 et la sinc\u00e9rit\u00e9 de sa qu\u00eate, Sait\u014d franchit les portes du dojo d\u2019Ueshiba. Cette rencontre bouleversera le cours de sa vie. Il deviendra l\u2019un de ses disciples les plus proches, partageant plus de vingt ann\u00e9es d\u2019entra\u00eenement et de vie quotidienne aupr\u00e8s du fondateur.<\/p><p data-start=\"1089\" data-end=\"1603\">Employ\u00e9 des chemins de fer japonais, Sait\u014d menait une existence aust\u00e8re et rythm\u00e9e : travail de nuit, puis entra\u00eenement d\u00e8s l\u2019aube aux c\u00f4t\u00e9s du ma\u00eetre. Il participa \u00e0 la vie du dojo et aux travaux agricoles, suivant le m\u00eame rythme que son Sensei \u2014 pri\u00e8res, culture de la terre, m\u00e9ditation et pratique martiale. C\u2019est dans ce cadre qu\u2019il d\u00e9veloppa une compr\u00e9hension profonde de la relation entre les <strong data-start=\"1488\" data-end=\"1526\">techniques \u00e0 mains nues (taijutsu)<\/strong> et celles <strong data-start=\"1537\" data-end=\"1562\">avec armes (bukiwaza)<\/strong>, qu\u2019il s\u2019attacha \u00e0 pr\u00e9server fid\u00e8lement.<\/p><p data-start=\"1605\" data-end=\"2054\">Apr\u00e8s la disparition de Morihei Ueshiba en <strong data-start=\"1648\" data-end=\"1656\">1969<\/strong>, Morihiro Sait\u014d continua \u00e0 enseigner \u00e0 Iwama, devenu le <strong data-start=\"1713\" data-end=\"1750\">gardien du sanctuaire de l\u2019A\u00efkido<\/strong>. Il consacra sa vie \u00e0 transmettre l\u2019enseignement du fondateur sans le d\u00e9former, insistant sur la pr\u00e9cision des bases et sur l\u2019unit\u00e9 entre le sabre, le b\u00e2ton et le mouvement du corps. Son approche, connue sous le nom d\u2019<strong data-start=\"1969\" data-end=\"1987\">A\u00efkido d\u2019Iwama<\/strong>, demeure l\u2019une des expressions les plus fid\u00e8les de l\u2019art originel.<\/p><p data-start=\"2056\" data-end=\"2326\">Respect\u00e9 \u00e0 travers le monde, Sait\u014d Sensei forma des g\u00e9n\u00e9rations de pratiquants japonais et \u00e9trangers. Ses ouvrages \u2014 <em data-start=\"2173\" data-end=\"2193\">Traditional Aikido<\/em> et <em data-start=\"2197\" data-end=\"2214\">Takemusu Aikido<\/em> \u2014 sont aujourd\u2019hui des r\u00e9f\u00e9rences pour ceux qui cherchent \u00e0 comprendre la structure et l\u2019esprit de la pratique.<\/p><p data-start=\"2328\" data-end=\"2692\">Morihiro Sait\u014d s\u2019est \u00e9teint le <strong data-start=\"2359\" data-end=\"2374\">13 mai 2002<\/strong>, dans son village d\u2019Iwama.<br data-start=\"2401\" data-end=\"2404\" \/>Son h\u00e9ritage perdure \u00e0 travers ses \u00e9l\u00e8ves et son fils <strong data-start=\"2458\" data-end=\"2476\">Hitohiro Sait\u014d<\/strong>, qui poursuivent la voie trac\u00e9e par leur ma\u00eetre.<br data-start=\"2525\" data-end=\"2528\" \/>Sa vie fut celle d\u2019un homme de devoir, de fid\u00e9lit\u00e9 et de transmission \u2014 un symbole d\u2019humilit\u00e9 et de d\u00e9votion \u00e0 la Voie, au service du message universel de l\u2019A\u00efkido.<\/p>\t\t\t\t\t\t<\/div>\n\t\t\t\t<\/div>\n\t\t\t\t\t<\/div>\n\t\t\t\t<\/div>\n\t\t\t\t<\/div>\n\t\t","protected":false},"excerpt":{"rendered":"<p>Morihiro Sait\u014d \u2014 Le gardien de l\u2019enseignement d\u2019Iwama N\u00e9 le 31 mars 1928 dans la pr\u00e9fecture d\u2019Ibaraki, au Japon, Morihiro Sait\u014d grandit dans un milieu rural simple, marqu\u00e9 par la rigueur du travail et le respect des traditions. Tr\u00e8s jeune, il s\u2019int\u00e9resse aux arts martiaux \u2014 kend\u014d, j\u016bd\u014d, karat\u00e9 \u2014 cherchant \u00e0 comprendre la voie [&hellip;]<\/p>\n","protected":false},"author":1,"featured_media":0,"parent":0,"menu_order":0,"comment_status":"closed","ping_status":"closed","template":"","meta":{"footnotes":""},"class_list":["post-3027","page","type-page","status-publish","hentry"],"yoast_head":"<!-- This site is optimized with the Yoast SEO plugin v25.7 - https:\/\/yoast.com\/wordpress\/plugins\/seo\/ -->\n<title>Morihiro Saito Sensei - A\u00efkido Shin Gi Tai Watermael-Boitsfort<\/title>\n<meta name=\"robots\" content=\"index, follow, max-snippet:-1, max-image-preview:large, max-video-preview:-1\" \/>\n<link rel=\"canonical\" href=\"https:\/\/aikido-boitsfort.be\/?page_id=3027\" \/>\n<meta property=\"og:locale\" content=\"fr_FR\" \/>\n<meta property=\"og:type\" content=\"article\" \/>\n<meta property=\"og:title\" content=\"Morihiro Saito Sensei - A\u00efkido Shin Gi Tai Watermael-Boitsfort\" \/>\n<meta property=\"og:description\" content=\"Morihiro Sait\u014d \u2014 Le gardien de l\u2019enseignement d\u2019Iwama N\u00e9 le 31 mars 1928 dans la pr\u00e9fecture d\u2019Ibaraki, au Japon, Morihiro Sait\u014d grandit dans un milieu rural simple, marqu\u00e9 par la rigueur du travail et le respect des traditions. Tr\u00e8s jeune, il s\u2019int\u00e9resse aux arts martiaux \u2014 kend\u014d, j\u016bd\u014d, karat\u00e9 \u2014 cherchant \u00e0 comprendre la voie [&hellip;]\" \/>\n<meta property=\"og:url\" content=\"https:\/\/aikido-boitsfort.be\/?page_id=3027\" \/>\n<meta property=\"og:site_name\" content=\"A\u00efkido Shin Gi Tai Watermael-Boitsfort\" \/>\n<meta property=\"article:modified_time\" content=\"2025-11-11T19:20:20+00:00\" \/>\n<meta property=\"og:image\" content=\"https:\/\/aikido-boitsfort.be\/wp-content\/uploads\/2025\/11\/16BF0E27-37F0-49BF-86A1-F5D6D4BC2F4A-683x1024.png\" \/>\n\t<meta property=\"og:image:width\" content=\"683\" \/>\n\t<meta property=\"og:image:height\" content=\"1024\" \/>\n\t<meta property=\"og:image:type\" content=\"image\/png\" \/>\n<meta name=\"twitter:card\" content=\"summary_large_image\" \/>\n<meta name=\"twitter:label1\" content=\"Dur\u00e9e de lecture estim\u00e9e\" \/>\n\t<meta name=\"twitter:data1\" content=\"3 minutes\" \/>\n<script type=\"application\/ld+json\" class=\"yoast-schema-graph\">{\"@context\":\"https:\/\/schema.org\",\"@graph\":[{\"@type\":\"WebPage\",\"@id\":\"https:\/\/aikido-boitsfort.be\/?page_id=3027\",\"url\":\"https:\/\/aikido-boitsfort.be\/?page_id=3027\",\"name\":\"Morihiro Saito Sensei - A\u00efkido Shin Gi Tai Watermael-Boitsfort\",\"isPartOf\":{\"@id\":\"https:\/\/aikido-boitsfort.be\/#website\"},\"primaryImageOfPage\":{\"@id\":\"https:\/\/aikido-boitsfort.be\/?page_id=3027#primaryimage\"},\"image\":{\"@id\":\"https:\/\/aikido-boitsfort.be\/?page_id=3027#primaryimage\"},\"thumbnailUrl\":\"https:\/\/aikido-boitsfort.be\/wp-content\/uploads\/2025\/11\/16BF0E27-37F0-49BF-86A1-F5D6D4BC2F4A-200x300.png\",\"datePublished\":\"2025-11-09T23:01:31+00:00\",\"dateModified\":\"2025-11-11T19:20:20+00:00\",\"breadcrumb\":{\"@id\":\"https:\/\/aikido-boitsfort.be\/?page_id=3027#breadcrumb\"},\"inLanguage\":\"fr-FR\",\"potentialAction\":[{\"@type\":\"ReadAction\",\"target\":[\"https:\/\/aikido-boitsfort.be\/?page_id=3027\"]}]},{\"@type\":\"ImageObject\",\"inLanguage\":\"fr-FR\",\"@id\":\"https:\/\/aikido-boitsfort.be\/?page_id=3027#primaryimage\",\"url\":\"https:\/\/aikido-boitsfort.be\/wp-content\/uploads\/2025\/11\/16BF0E27-37F0-49BF-86A1-F5D6D4BC2F4A.png\",\"contentUrl\":\"https:\/\/aikido-boitsfort.be\/wp-content\/uploads\/2025\/11\/16BF0E27-37F0-49BF-86A1-F5D6D4BC2F4A.png\",\"width\":1024,\"height\":1536},{\"@type\":\"BreadcrumbList\",\"@id\":\"https:\/\/aikido-boitsfort.be\/?page_id=3027#breadcrumb\",\"itemListElement\":[{\"@type\":\"ListItem\",\"position\":1,\"name\":\"Accueil\",\"item\":\"https:\/\/aikido-boitsfort.be\/\"},{\"@type\":\"ListItem\",\"position\":2,\"name\":\"Morihiro Saito Sensei\"}]},{\"@type\":\"WebSite\",\"@id\":\"https:\/\/aikido-boitsfort.be\/#website\",\"url\":\"https:\/\/aikido-boitsfort.be\/\",\"name\":\"A\u00efkido Shin Gi Tai Watermael-Boitsfort\",\"description\":\"A\u00efkido Shin Gi Tai Watermael-Boitsfort\",\"publisher\":{\"@id\":\"https:\/\/aikido-boitsfort.be\/#organization\"},\"potentialAction\":[{\"@type\":\"SearchAction\",\"target\":{\"@type\":\"EntryPoint\",\"urlTemplate\":\"https:\/\/aikido-boitsfort.be\/?s={search_term_string}\"},\"query-input\":{\"@type\":\"PropertyValueSpecification\",\"valueRequired\":true,\"valueName\":\"search_term_string\"}}],\"inLanguage\":\"fr-FR\"},{\"@type\":\"Organization\",\"@id\":\"https:\/\/aikido-boitsfort.be\/#organization\",\"name\":\"A\u00efkido Shin Gi Tai Watermael-Boitsfort\",\"url\":\"https:\/\/aikido-boitsfort.be\/\",\"logo\":{\"@type\":\"ImageObject\",\"inLanguage\":\"fr-FR\",\"@id\":\"https:\/\/aikido-boitsfort.be\/#\/schema\/logo\/image\/\",\"url\":\"https:\/\/aikido-boitsfort.be\/wp-content\/uploads\/2023\/12\/LOGO-site.png\",\"contentUrl\":\"https:\/\/aikido-boitsfort.be\/wp-content\/uploads\/2023\/12\/LOGO-site.png\",\"width\":726,\"height\":723,\"caption\":\"A\u00efkido Shin Gi Tai Watermael-Boitsfort\"},\"image\":{\"@id\":\"https:\/\/aikido-boitsfort.be\/#\/schema\/logo\/image\/\"}}]}<\/script>\n<!-- \/ Yoast SEO plugin. -->","yoast_head_json":{"title":"Morihiro Saito Sensei - A\u00efkido Shin Gi Tai Watermael-Boitsfort","robots":{"index":"index","follow":"follow","max-snippet":"max-snippet:-1","max-image-preview":"max-image-preview:large","max-video-preview":"max-video-preview:-1"},"canonical":"https:\/\/aikido-boitsfort.be\/?page_id=3027","og_locale":"fr_FR","og_type":"article","og_title":"Morihiro Saito Sensei - A\u00efkido Shin Gi Tai Watermael-Boitsfort","og_description":"Morihiro Sait\u014d \u2014 Le gardien de l\u2019enseignement d\u2019Iwama N\u00e9 le 31 mars 1928 dans la pr\u00e9fecture d\u2019Ibaraki, au Japon, Morihiro Sait\u014d grandit dans un milieu rural simple, marqu\u00e9 par la rigueur du travail et le respect des traditions. Tr\u00e8s jeune, il s\u2019int\u00e9resse aux arts martiaux \u2014 kend\u014d, j\u016bd\u014d, karat\u00e9 \u2014 cherchant \u00e0 comprendre la voie [&hellip;]","og_url":"https:\/\/aikido-boitsfort.be\/?page_id=3027","og_site_name":"A\u00efkido Shin Gi Tai Watermael-Boitsfort","article_modified_time":"2025-11-11T19:20:20+00:00","og_image":[{"width":683,"height":1024,"url":"https:\/\/aikido-boitsfort.be\/wp-content\/uploads\/2025\/11\/16BF0E27-37F0-49BF-86A1-F5D6D4BC2F4A-683x1024.png","type":"image\/png"}],"twitter_card":"summary_large_image","twitter_misc":{"Dur\u00e9e de lecture estim\u00e9e":"3 minutes"},"schema":{"@context":"https:\/\/schema.org","@graph":[{"@type":"WebPage","@id":"https:\/\/aikido-boitsfort.be\/?page_id=3027","url":"https:\/\/aikido-boitsfort.be\/?page_id=3027","name":"Morihiro Saito Sensei - A\u00efkido Shin Gi Tai Watermael-Boitsfort","isPartOf":{"@id":"https:\/\/aikido-boitsfort.be\/#website"},"primaryImageOfPage":{"@id":"https:\/\/aikido-boitsfort.be\/?page_id=3027#primaryimage"},"image":{"@id":"https:\/\/aikido-boitsfort.be\/?page_id=3027#primaryimage"},"thumbnailUrl":"https:\/\/aikido-boitsfort.be\/wp-content\/uploads\/2025\/11\/16BF0E27-37F0-49BF-86A1-F5D6D4BC2F4A-200x300.png","datePublished":"2025-11-09T23:01:31+00:00","dateModified":"2025-11-11T19:20:20+00:00","breadcrumb":{"@id":"https:\/\/aikido-boitsfort.be\/?page_id=3027#breadcrumb"},"inLanguage":"fr-FR","potentialAction":[{"@type":"ReadAction","target":["https:\/\/aikido-boitsfort.be\/?page_id=3027"]}]},{"@type":"ImageObject","inLanguage":"fr-FR","@id":"https:\/\/aikido-boitsfort.be\/?page_id=3027#primaryimage","url":"https:\/\/aikido-boitsfort.be\/wp-content\/uploads\/2025\/11\/16BF0E27-37F0-49BF-86A1-F5D6D4BC2F4A.png","contentUrl":"https:\/\/aikido-boitsfort.be\/wp-content\/uploads\/2025\/11\/16BF0E27-37F0-49BF-86A1-F5D6D4BC2F4A.png","width":1024,"height":1536},{"@type":"BreadcrumbList","@id":"https:\/\/aikido-boitsfort.be\/?page_id=3027#breadcrumb","itemListElement":[{"@type":"ListItem","position":1,"name":"Accueil","item":"https:\/\/aikido-boitsfort.be\/"},{"@type":"ListItem","position":2,"name":"Morihiro Saito Sensei"}]},{"@type":"WebSite","@id":"https:\/\/aikido-boitsfort.be\/#website","url":"https:\/\/aikido-boitsfort.be\/","name":"A\u00efkido Shin Gi Tai Watermael-Boitsfort","description":"A\u00efkido Shin Gi Tai Watermael-Boitsfort","publisher":{"@id":"https:\/\/aikido-boitsfort.be\/#organization"},"potentialAction":[{"@type":"SearchAction","target":{"@type":"EntryPoint","urlTemplate":"https:\/\/aikido-boitsfort.be\/?s={search_term_string}"},"query-input":{"@type":"PropertyValueSpecification","valueRequired":true,"valueName":"search_term_string"}}],"inLanguage":"fr-FR"},{"@type":"Organization","@id":"https:\/\/aikido-boitsfort.be\/#organization","name":"A\u00efkido Shin Gi Tai Watermael-Boitsfort","url":"https:\/\/aikido-boitsfort.be\/","logo":{"@type":"ImageObject","inLanguage":"fr-FR","@id":"https:\/\/aikido-boitsfort.be\/#\/schema\/logo\/image\/","url":"https:\/\/aikido-boitsfort.be\/wp-content\/uploads\/2023\/12\/LOGO-site.png","contentUrl":"https:\/\/aikido-boitsfort.be\/wp-content\/uploads\/2023\/12\/LOGO-site.png","width":726,"height":723,"caption":"A\u00efkido Shin Gi Tai Watermael-Boitsfort"},"image":{"@id":"https:\/\/aikido-boitsfort.be\/#\/schema\/logo\/image\/"}}]}},"_links":{"self":[{"href":"https:\/\/aikido-boitsfort.be\/index.php?rest_route=\/wp\/v2\/pages\/3027","targetHints":{"allow":["GET"]}}],"collection":[{"href":"https:\/\/aikido-boitsfort.be\/index.php?rest_route=\/wp\/v2\/pages"}],"about":[{"href":"https:\/\/aikido-boitsfort.be\/index.php?rest_route=\/wp\/v2\/types\/page"}],"author":[{"embeddable":true,"href":"https:\/\/aikido-boitsfort.be\/index.php?rest_route=\/wp\/v2\/users\/1"}],"replies":[{"embeddable":true,"href":"https:\/\/aikido-boitsfort.be\/index.php?rest_route=%2Fwp%2Fv2%2Fcomments&post=3027"}],"version-history":[{"count":21,"href":"https:\/\/aikido-boitsfort.be\/index.php?rest_route=\/wp\/v2\/pages\/3027\/revisions"}],"predecessor-version":[{"id":3147,"href":"https:\/\/aikido-boitsfort.be\/index.php?rest_route=\/wp\/v2\/pages\/3027\/revisions\/3147"}],"wp:attachment":[{"href":"https:\/\/aikido-boitsfort.be\/index.php?rest_route=%2Fwp%2Fv2%2Fmedia&parent=3027"}],"curies":[{"name":"wp","href":"https:\/\/api.w.org\/{rel}","templated":true}]}}