{"id":2070,"date":"2023-06-11T16:19:26","date_gmt":"2023-06-11T16:19:26","guid":{"rendered":"https:\/\/www.aikidojauche.be\/?page_id=2070"},"modified":"2025-11-12T23:16:18","modified_gmt":"2025-11-12T22:16:18","slug":"dojo-horaires-et-tarifs","status":"publish","type":"page","link":"https:\/\/aikido-boitsfort.be\/?page_id=2070","title":{"rendered":"Renseignements"},"content":{"rendered":"\t\t<div data-elementor-type=\"wp-page\" data-elementor-id=\"2070\" class=\"elementor elementor-2070\">\n\t\t\t\t<div class=\"elementor-element elementor-element-2db2536 e-grid e-con-boxed e-con e-parent\" data-id=\"2db2536\" data-element_type=\"container\">\n\t\t\t\t\t<div class=\"e-con-inner\">\n\t\t\t\t<div class=\"elementor-element elementor-element-c43d7f0 elementor-widget elementor-widget-text-editor\" data-id=\"c43d7f0\" data-element_type=\"widget\" data-widget_type=\"text-editor.default\">\n\t\t\t\t<div class=\"elementor-widget-container\">\n\t\t\t<style>\/*! elementor - v3.23.0 - 05-08-2024 *\/\n.elementor-widget-text-editor.elementor-drop-cap-view-stacked .elementor-drop-cap{background-color:#69727d;color:#fff}.elementor-widget-text-editor.elementor-drop-cap-view-framed .elementor-drop-cap{color:#69727d;border:3px solid;background-color:transparent}.elementor-widget-text-editor:not(.elementor-drop-cap-view-default) .elementor-drop-cap{margin-top:8px}.elementor-widget-text-editor:not(.elementor-drop-cap-view-default) .elementor-drop-cap-letter{width:1em;height:1em}.elementor-widget-text-editor .elementor-drop-cap{float:left;text-align:center;line-height:1;font-size:50px}.elementor-widget-text-editor .elementor-drop-cap-letter{display:inline-block}<\/style>\t\t\t\t<h2 style=\"font-family: Roboto, sans-serif; text-align: center;\">Tarifs<\/h2><p><strong>Enfants :<\/strong><\/p><p>Cotisation et assurance annuelle : 200\u20ac<br \/>Assurance annuelle : 25\u20ac<\/p><p><strong>Adultes :<\/strong><\/p><p>Cotisation p\u00e9riodique :<br \/>&#8211; 110\u20ac\u00a0: 1cours\/semaine par p\u00e9riode de 5 mois<br \/>&#8211; 140\u20ac\u00a0: 2cours\/semaine par p\u00e9riode de 5 mois<br \/>&#8211; 2 p\u00e9riodes : septembre \u00e0 fin janvier \/ f\u00e9vrier \u00e0 fin juin.<\/p><p>Cotisation annuelle :<br \/>&#8211; 210\u20ac\u00a0: 1 cours\/semaine<br \/>&#8211; 270\u20ac\u00a0: 2 cours\/semaine<\/p><p>Assurance annuelle : 35\u20ac<\/p><p><strong>Une ristourne de 10% est octroy\u00e9e sur la cotisation pour les membres d\u2019une m\u00eame famille.<\/strong><\/p>\t\t\t\t\t\t<\/div>\n\t\t\t\t<\/div>\n\t\t\t\t<div class=\"elementor-element elementor-element-81b8d6e elementor-widget elementor-widget-text-editor\" data-id=\"81b8d6e\" data-element_type=\"widget\" data-widget_type=\"text-editor.default\">\n\t\t\t\t<div class=\"elementor-widget-container\">\n\t\t\t\t\t\t\t<h2 style=\"text-align: center;\">Horaires<\/h2><p><strong>Le dojo Shin Gi Tai Watermael-Boitsfort dispense\u00a0<\/strong><\/p><p><strong>les cours enfants (dojo \u201cTribune\u201d) \u00a0:<\/strong><\/p><p><strong>\u2022 Jeudi de 19h \u00e0 20h de 7 \u00e0 14 ans<\/strong><\/p><p><strong>les cours adultes \u00e0 partir de 15 ans (dojo \u201cHall omnisports\u201d) :<\/strong><\/p><p><strong>\u2022 Lundi de 20h00 \u00e0 22h00<\/strong><\/p><p><strong>\u2022 Jeudi de 20h15 \u00e0 22h15<\/strong><\/p><p><strong>\u2022 Un cours par mois sera d\u00e9di\u00e9 \u00e0 la pratique de l\u2019Aiki-Self Defense<\/strong><\/p><p><strong>\u2022 Un stage armes est organis\u00e9 tous les deuxi\u00e8mes jeudi du mois.<\/strong><\/p><p>Les cours sont accessibles \u00e0 toutes et tous tout au long de l&rsquo;ann\u00e9e.<\/p><p>(Pas de cours durant les cong\u00e9s scolaires et les jours f\u00e9ri\u00e9s)<\/p><p style=\"text-align: left;\"><span style=\"color: #ff9900;\"><strong>2 premiers cours d&rsquo;essais gratuits<\/strong><\/span><\/p>\t\t\t\t\t\t<\/div>\n\t\t\t\t<\/div>\n\t\t\t\t\t<\/div>\n\t\t\t\t<\/div>\n\t\t<div class=\"elementor-element elementor-element-8d161ba e-flex e-con-boxed e-con e-parent\" data-id=\"8d161ba\" data-element_type=\"container\">\n\t\t\t\t\t<div class=\"e-con-inner\">\n\t\t<div class=\"elementor-element elementor-element-5ca7b2f e-con-full e-flex e-con e-child\" data-id=\"5ca7b2f\" data-element_type=\"container\">\n\t\t\t\t<div class=\"elementor-element elementor-element-bc36838 elementor-widget elementor-widget-text-editor\" data-id=\"bc36838\" data-element_type=\"widget\" data-widget_type=\"text-editor.default\">\n\t\t\t\t<div class=\"elementor-widget-container\">\n\t\t\t\t\t\t\t<h2 style=\"text-align: center;\">Dojo \u201cHall omnisports\u201d<\/h2>\t\t\t\t\t\t<\/div>\n\t\t\t\t<\/div>\n\t\t\t\t<\/div>\n\t\t<div class=\"elementor-element elementor-element-bec24b0 e-con-full e-flex e-con e-child\" data-id=\"bec24b0\" data-element_type=\"container\">\n\t\t\t\t<div class=\"elementor-element elementor-element-962f162 elementor-widget elementor-widget-text-editor\" data-id=\"962f162\" data-element_type=\"widget\" data-widget_type=\"text-editor.default\">\n\t\t\t\t<div class=\"elementor-widget-container\">\n\t\t\t\t\t\t\t<h2 style=\"text-align: center;\">Dojo \u201cTribune\u201d<\/h2>\t\t\t\t\t\t<\/div>\n\t\t\t\t<\/div>\n\t\t\t\t<\/div>\n\t\t<div class=\"elementor-element elementor-element-e630791 e-con-full e-flex e-con e-child\" data-id=\"e630791\" data-element_type=\"container\">\n\t\t\t\t<div class=\"elementor-element elementor-element-86cbd2a elementor-widget elementor-widget-image\" data-id=\"86cbd2a\" data-element_type=\"widget\" data-widget_type=\"image.default\">\n\t\t\t\t<div class=\"elementor-widget-container\">\n\t\t\t<style>\/*! elementor - v3.23.0 - 05-08-2024 *\/\n.elementor-widget-image{text-align:center}.elementor-widget-image a{display:inline-block}.elementor-widget-image a img[src$=\".svg\"]{width:48px}.elementor-widget-image img{vertical-align:middle;display:inline-block}<\/style>\t\t\t\t\t\t\t\t\t\t<img fetchpriority=\"high\" decoding=\"async\" width=\"800\" height=\"534\" src=\"https:\/\/aikido-boitsfort.be\/wp-content\/uploads\/2025\/11\/EA02A1F6-22C1-4DD9-BAD7-0D75927283D5-1024x683.jpeg\" class=\"attachment-large size-large wp-image-3089\" alt=\"\" srcset=\"https:\/\/aikido-boitsfort.be\/wp-content\/uploads\/2025\/11\/EA02A1F6-22C1-4DD9-BAD7-0D75927283D5-1024x683.jpeg 1024w, https:\/\/aikido-boitsfort.be\/wp-content\/uploads\/2025\/11\/EA02A1F6-22C1-4DD9-BAD7-0D75927283D5-300x200.jpeg 300w, https:\/\/aikido-boitsfort.be\/wp-content\/uploads\/2025\/11\/EA02A1F6-22C1-4DD9-BAD7-0D75927283D5-768x512.jpeg 768w, https:\/\/aikido-boitsfort.be\/wp-content\/uploads\/2025\/11\/EA02A1F6-22C1-4DD9-BAD7-0D75927283D5.jpeg 1536w\" sizes=\"(max-width: 800px) 100vw, 800px\" \/>\t\t\t\t\t\t\t\t\t\t\t\t\t<\/div>\n\t\t\t\t<\/div>\n\t\t\t\t<\/div>\n\t\t<div class=\"elementor-element elementor-element-71f1c26 e-con-full e-flex e-con e-child\" data-id=\"71f1c26\" data-element_type=\"container\">\n\t\t\t\t<div class=\"elementor-element elementor-element-cb7a9a3 elementor-widget elementor-widget-image\" data-id=\"cb7a9a3\" data-element_type=\"widget\" data-widget_type=\"image.default\">\n\t\t\t\t<div class=\"elementor-widget-container\">\n\t\t\t\t\t\t\t\t\t\t\t\t\t<img decoding=\"async\" width=\"800\" height=\"534\" src=\"https:\/\/aikido-boitsfort.be\/wp-content\/uploads\/2025\/11\/IMG_0003-1024x683.png\" class=\"attachment-large size-large wp-image-3098\" alt=\"\" srcset=\"https:\/\/aikido-boitsfort.be\/wp-content\/uploads\/2025\/11\/IMG_0003-1024x683.png 1024w, https:\/\/aikido-boitsfort.be\/wp-content\/uploads\/2025\/11\/IMG_0003-300x200.png 300w, https:\/\/aikido-boitsfort.be\/wp-content\/uploads\/2025\/11\/IMG_0003-768x512.png 768w, https:\/\/aikido-boitsfort.be\/wp-content\/uploads\/2025\/11\/IMG_0003.png 1536w\" sizes=\"(max-width: 800px) 100vw, 800px\" \/>\t\t\t\t\t\t\t\t\t\t\t\t\t<\/div>\n\t\t\t\t<\/div>\n\t\t\t\t<\/div>\n\t\t\t\t\t<\/div>\n\t\t\t\t<\/div>\n\t\t\t\t<\/div>\n\t\t","protected":false},"excerpt":{"rendered":"<p>Tarifs Enfants : Cotisation et assurance annuelle : 200\u20acAssurance annuelle : 25\u20ac Adultes : Cotisation p\u00e9riodique :&#8211; 110\u20ac\u00a0: 1cours\/semaine par p\u00e9riode de 5 mois&#8211; 140\u20ac\u00a0: 2cours\/semaine par p\u00e9riode de 5 mois&#8211; 2 p\u00e9riodes : septembre \u00e0 fin janvier \/ f\u00e9vrier \u00e0 fin juin. Cotisation annuelle :&#8211; 210\u20ac\u00a0: 1 cours\/semaine&#8211; 270\u20ac\u00a0: 2 cours\/semaine Assurance annuelle : [&hellip;]<\/p>\n","protected":false},"author":1,"featured_media":0,"parent":0,"menu_order":0,"comment_status":"closed","ping_status":"closed","template":"","meta":{"footnotes":""},"class_list":["post-2070","page","type-page","status-publish","hentry"],"yoast_head":"<!-- This site is optimized with the Yoast SEO plugin v25.7 - https:\/\/yoast.com\/wordpress\/plugins\/seo\/ -->\n<title>Renseignements - A\u00efkido Shin Gi Tai Watermael-Boitsfort<\/title>\n<meta name=\"robots\" content=\"index, follow, max-snippet:-1, max-image-preview:large, max-video-preview:-1\" \/>\n<link rel=\"canonical\" href=\"https:\/\/aikido-boitsfort.be\/?page_id=2070\" \/>\n<meta property=\"og:locale\" content=\"fr_FR\" \/>\n<meta property=\"og:type\" content=\"article\" \/>\n<meta property=\"og:title\" content=\"Renseignements - A\u00efkido Shin Gi Tai Watermael-Boitsfort\" \/>\n<meta property=\"og:description\" content=\"Tarifs Enfants : Cotisation et assurance annuelle : 200\u20acAssurance annuelle : 25\u20ac Adultes : Cotisation p\u00e9riodique :&#8211; 110\u20ac\u00a0: 1cours\/semaine par p\u00e9riode de 5 mois&#8211; 140\u20ac\u00a0: 2cours\/semaine par p\u00e9riode de 5 mois&#8211; 2 p\u00e9riodes : septembre \u00e0 fin janvier \/ f\u00e9vrier \u00e0 fin juin. Cotisation annuelle :&#8211; 210\u20ac\u00a0: 1 cours\/semaine&#8211; 270\u20ac\u00a0: 2 cours\/semaine Assurance annuelle : [&hellip;]\" \/>\n<meta property=\"og:url\" content=\"https:\/\/aikido-boitsfort.be\/?page_id=2070\" \/>\n<meta property=\"og:site_name\" content=\"A\u00efkido Shin Gi Tai Watermael-Boitsfort\" \/>\n<meta property=\"article:modified_time\" content=\"2025-11-12T22:16:18+00:00\" \/>\n<meta property=\"og:image\" content=\"https:\/\/aikido-boitsfort.be\/wp-content\/uploads\/2025\/11\/EA02A1F6-22C1-4DD9-BAD7-0D75927283D5.jpeg\" \/>\n\t<meta property=\"og:image:width\" content=\"1536\" \/>\n\t<meta property=\"og:image:height\" content=\"1024\" \/>\n\t<meta property=\"og:image:type\" content=\"image\/jpeg\" \/>\n<meta name=\"twitter:card\" content=\"summary_large_image\" \/>\n<meta name=\"twitter:label1\" content=\"Dur\u00e9e de lecture estim\u00e9e\" \/>\n\t<meta name=\"twitter:data1\" content=\"2 minutes\" \/>\n<script type=\"application\/ld+json\" class=\"yoast-schema-graph\">{\"@context\":\"https:\/\/schema.org\",\"@graph\":[{\"@type\":\"WebPage\",\"@id\":\"https:\/\/aikido-boitsfort.be\/?page_id=2070\",\"url\":\"https:\/\/aikido-boitsfort.be\/?page_id=2070\",\"name\":\"Renseignements - A\u00efkido Shin Gi Tai Watermael-Boitsfort\",\"isPartOf\":{\"@id\":\"https:\/\/aikido-boitsfort.be\/#website\"},\"primaryImageOfPage\":{\"@id\":\"https:\/\/aikido-boitsfort.be\/?page_id=2070#primaryimage\"},\"image\":{\"@id\":\"https:\/\/aikido-boitsfort.be\/?page_id=2070#primaryimage\"},\"thumbnailUrl\":\"https:\/\/aikido-boitsfort.be\/wp-content\/uploads\/2025\/11\/EA02A1F6-22C1-4DD9-BAD7-0D75927283D5-1024x683.jpeg\",\"datePublished\":\"2023-06-11T16:19:26+00:00\",\"dateModified\":\"2025-11-12T22:16:18+00:00\",\"breadcrumb\":{\"@id\":\"https:\/\/aikido-boitsfort.be\/?page_id=2070#breadcrumb\"},\"inLanguage\":\"fr-FR\",\"potentialAction\":[{\"@type\":\"ReadAction\",\"target\":[\"https:\/\/aikido-boitsfort.be\/?page_id=2070\"]}]},{\"@type\":\"ImageObject\",\"inLanguage\":\"fr-FR\",\"@id\":\"https:\/\/aikido-boitsfort.be\/?page_id=2070#primaryimage\",\"url\":\"https:\/\/aikido-boitsfort.be\/wp-content\/uploads\/2025\/11\/EA02A1F6-22C1-4DD9-BAD7-0D75927283D5.jpeg\",\"contentUrl\":\"https:\/\/aikido-boitsfort.be\/wp-content\/uploads\/2025\/11\/EA02A1F6-22C1-4DD9-BAD7-0D75927283D5.jpeg\",\"width\":1536,\"height\":1024},{\"@type\":\"BreadcrumbList\",\"@id\":\"https:\/\/aikido-boitsfort.be\/?page_id=2070#breadcrumb\",\"itemListElement\":[{\"@type\":\"ListItem\",\"position\":1,\"name\":\"Accueil\",\"item\":\"https:\/\/aikido-boitsfort.be\/\"},{\"@type\":\"ListItem\",\"position\":2,\"name\":\"Renseignements\"}]},{\"@type\":\"WebSite\",\"@id\":\"https:\/\/aikido-boitsfort.be\/#website\",\"url\":\"https:\/\/aikido-boitsfort.be\/\",\"name\":\"A\u00efkido Shin Gi Tai Watermael-Boitsfort\",\"description\":\"A\u00efkido Shin Gi Tai Watermael-Boitsfort\",\"publisher\":{\"@id\":\"https:\/\/aikido-boitsfort.be\/#organization\"},\"potentialAction\":[{\"@type\":\"SearchAction\",\"target\":{\"@type\":\"EntryPoint\",\"urlTemplate\":\"https:\/\/aikido-boitsfort.be\/?s={search_term_string}\"},\"query-input\":{\"@type\":\"PropertyValueSpecification\",\"valueRequired\":true,\"valueName\":\"search_term_string\"}}],\"inLanguage\":\"fr-FR\"},{\"@type\":\"Organization\",\"@id\":\"https:\/\/aikido-boitsfort.be\/#organization\",\"name\":\"A\u00efkido Shin Gi Tai Watermael-Boitsfort\",\"url\":\"https:\/\/aikido-boitsfort.be\/\",\"logo\":{\"@type\":\"ImageObject\",\"inLanguage\":\"fr-FR\",\"@id\":\"https:\/\/aikido-boitsfort.be\/#\/schema\/logo\/image\/\",\"url\":\"https:\/\/aikido-boitsfort.be\/wp-content\/uploads\/2023\/12\/LOGO-site.png\",\"contentUrl\":\"https:\/\/aikido-boitsfort.be\/wp-content\/uploads\/2023\/12\/LOGO-site.png\",\"width\":726,\"height\":723,\"caption\":\"A\u00efkido Shin Gi Tai Watermael-Boitsfort\"},\"image\":{\"@id\":\"https:\/\/aikido-boitsfort.be\/#\/schema\/logo\/image\/\"}}]}<\/script>\n<!-- \/ Yoast SEO plugin. -->","yoast_head_json":{"title":"Renseignements - A\u00efkido Shin Gi Tai Watermael-Boitsfort","robots":{"index":"index","follow":"follow","max-snippet":"max-snippet:-1","max-image-preview":"max-image-preview:large","max-video-preview":"max-video-preview:-1"},"canonical":"https:\/\/aikido-boitsfort.be\/?page_id=2070","og_locale":"fr_FR","og_type":"article","og_title":"Renseignements - A\u00efkido Shin Gi Tai Watermael-Boitsfort","og_description":"Tarifs Enfants : Cotisation et assurance annuelle : 200\u20acAssurance annuelle : 25\u20ac Adultes : Cotisation p\u00e9riodique :&#8211; 110\u20ac\u00a0: 1cours\/semaine par p\u00e9riode de 5 mois&#8211; 140\u20ac\u00a0: 2cours\/semaine par p\u00e9riode de 5 mois&#8211; 2 p\u00e9riodes : septembre \u00e0 fin janvier \/ f\u00e9vrier \u00e0 fin juin. Cotisation annuelle :&#8211; 210\u20ac\u00a0: 1 cours\/semaine&#8211; 270\u20ac\u00a0: 2 cours\/semaine Assurance annuelle : [&hellip;]","og_url":"https:\/\/aikido-boitsfort.be\/?page_id=2070","og_site_name":"A\u00efkido Shin Gi Tai Watermael-Boitsfort","article_modified_time":"2025-11-12T22:16:18+00:00","og_image":[{"width":1536,"height":1024,"url":"https:\/\/aikido-boitsfort.be\/wp-content\/uploads\/2025\/11\/EA02A1F6-22C1-4DD9-BAD7-0D75927283D5.jpeg","type":"image\/jpeg"}],"twitter_card":"summary_large_image","twitter_misc":{"Dur\u00e9e de lecture estim\u00e9e":"2 minutes"},"schema":{"@context":"https:\/\/schema.org","@graph":[{"@type":"WebPage","@id":"https:\/\/aikido-boitsfort.be\/?page_id=2070","url":"https:\/\/aikido-boitsfort.be\/?page_id=2070","name":"Renseignements - A\u00efkido Shin Gi Tai Watermael-Boitsfort","isPartOf":{"@id":"https:\/\/aikido-boitsfort.be\/#website"},"primaryImageOfPage":{"@id":"https:\/\/aikido-boitsfort.be\/?page_id=2070#primaryimage"},"image":{"@id":"https:\/\/aikido-boitsfort.be\/?page_id=2070#primaryimage"},"thumbnailUrl":"https:\/\/aikido-boitsfort.be\/wp-content\/uploads\/2025\/11\/EA02A1F6-22C1-4DD9-BAD7-0D75927283D5-1024x683.jpeg","datePublished":"2023-06-11T16:19:26+00:00","dateModified":"2025-11-12T22:16:18+00:00","breadcrumb":{"@id":"https:\/\/aikido-boitsfort.be\/?page_id=2070#breadcrumb"},"inLanguage":"fr-FR","potentialAction":[{"@type":"ReadAction","target":["https:\/\/aikido-boitsfort.be\/?page_id=2070"]}]},{"@type":"ImageObject","inLanguage":"fr-FR","@id":"https:\/\/aikido-boitsfort.be\/?page_id=2070#primaryimage","url":"https:\/\/aikido-boitsfort.be\/wp-content\/uploads\/2025\/11\/EA02A1F6-22C1-4DD9-BAD7-0D75927283D5.jpeg","contentUrl":"https:\/\/aikido-boitsfort.be\/wp-content\/uploads\/2025\/11\/EA02A1F6-22C1-4DD9-BAD7-0D75927283D5.jpeg","width":1536,"height":1024},{"@type":"BreadcrumbList","@id":"https:\/\/aikido-boitsfort.be\/?page_id=2070#breadcrumb","itemListElement":[{"@type":"ListItem","position":1,"name":"Accueil","item":"https:\/\/aikido-boitsfort.be\/"},{"@type":"ListItem","position":2,"name":"Renseignements"}]},{"@type":"WebSite","@id":"https:\/\/aikido-boitsfort.be\/#website","url":"https:\/\/aikido-boitsfort.be\/","name":"A\u00efkido Shin Gi Tai Watermael-Boitsfort","description":"A\u00efkido Shin Gi Tai Watermael-Boitsfort","publisher":{"@id":"https:\/\/aikido-boitsfort.be\/#organization"},"potentialAction":[{"@type":"SearchAction","target":{"@type":"EntryPoint","urlTemplate":"https:\/\/aikido-boitsfort.be\/?s={search_term_string}"},"query-input":{"@type":"PropertyValueSpecification","valueRequired":true,"valueName":"search_term_string"}}],"inLanguage":"fr-FR"},{"@type":"Organization","@id":"https:\/\/aikido-boitsfort.be\/#organization","name":"A\u00efkido Shin Gi Tai Watermael-Boitsfort","url":"https:\/\/aikido-boitsfort.be\/","logo":{"@type":"ImageObject","inLanguage":"fr-FR","@id":"https:\/\/aikido-boitsfort.be\/#\/schema\/logo\/image\/","url":"https:\/\/aikido-boitsfort.be\/wp-content\/uploads\/2023\/12\/LOGO-site.png","contentUrl":"https:\/\/aikido-boitsfort.be\/wp-content\/uploads\/2023\/12\/LOGO-site.png","width":726,"height":723,"caption":"A\u00efkido Shin Gi Tai Watermael-Boitsfort"},"image":{"@id":"https:\/\/aikido-boitsfort.be\/#\/schema\/logo\/image\/"}}]}},"_links":{"self":[{"href":"https:\/\/aikido-boitsfort.be\/index.php?rest_route=\/wp\/v2\/pages\/2070","targetHints":{"allow":["GET"]}}],"collection":[{"href":"https:\/\/aikido-boitsfort.be\/index.php?rest_route=\/wp\/v2\/pages"}],"about":[{"href":"https:\/\/aikido-boitsfort.be\/index.php?rest_route=\/wp\/v2\/types\/page"}],"author":[{"embeddable":true,"href":"https:\/\/aikido-boitsfort.be\/index.php?rest_route=\/wp\/v2\/users\/1"}],"replies":[{"embeddable":true,"href":"https:\/\/aikido-boitsfort.be\/index.php?rest_route=%2Fwp%2Fv2%2Fcomments&post=2070"}],"version-history":[{"count":81,"href":"https:\/\/aikido-boitsfort.be\/index.php?rest_route=\/wp\/v2\/pages\/2070\/revisions"}],"predecessor-version":[{"id":3347,"href":"https:\/\/aikido-boitsfort.be\/index.php?rest_route=\/wp\/v2\/pages\/2070\/revisions\/3347"}],"wp:attachment":[{"href":"https:\/\/aikido-boitsfort.be\/index.php?rest_route=%2Fwp%2Fv2%2Fmedia&parent=2070"}],"curies":[{"name":"wp","href":"https:\/\/api.w.org\/{rel}","templated":true}]}}